{"id":14976,"date":"2022-01-06T13:08:06","date_gmt":"2022-01-06T10:08:06","guid":{"rendered":"https:\/\/oxygen-turkey.com\/?post_type=product&#038;p=14976"},"modified":"2024-11-09T07:49:48","modified_gmt":"2024-11-09T04:49:48","slug":"%d9%83%d9%86%d8%b2%d8%a7%d8%aa-%d9%85%d8%b7%d8%a8%d9%88%d8%b9%d8%a9-%d8%b9%d8%af%d8%af-10","status":"publish","type":"product","link":"https:\/\/oxygen-turkey.com\/tr\/product\/%d9%83%d9%86%d8%b2%d8%a7%d8%aa-%d9%85%d8%b7%d8%a8%d9%88%d8%b9%d8%a9-%d8%b9%d8%af%d8%af-10\/","title":{"rendered":"bask\u0131l\u0131 ti\u015f\u00f6rt 10 adet"},"content":{"rendered":"<p>\u0627\u0644\u0643\u0646\u0632\u0629 + \u0627\u0644\u0637\u0628\u0627\u0639\u0629<\/p>\n<p>\u0637\u0628\u0627\u0639\u0629 \u0643\u0646\u0632\u0627\u062a<br \/>\nti\u015f\u00f6rt \nrengi beyaz veya siyah<br \/>\nBask\u0131 boyutu 21*15 cm'dir.<\/p>\n<p>renkli bask\u0131<\/p>\n<p>\u0627\u0644\u0642\u064a\u0627\u0633 : M, L, XL<br \/>\n10 adet<br \/>\nPaketi g\u00f6nderilmeye haz\u0131r<\/p>","protected":false},"excerpt":{"rendered":"<p>\u0627\u0644\u0643\u0646\u0632\u0629 + \u0627\u0644\u0637\u0628\u0627\u0639\u0629 \u0637\u0628\u0627\u0639\u0629 \u0643\u0646\u0632\u0627\u062a \u0644\u0648\u0646 \u0627\u0644\u0643\u0646\u0632\u0629 \u0623\u0628\u064a\u0636 \u0623\u0648 \u0627\u0633\u0648\u062f \u062d\u062c\u0645 \u0627\u0644\u0637\u0628\u0627\u0639\u0629 21*15 \u0633\u0645 \u0637\u0628\u0627\u0639\u0629 \u0645\u0644\u0648\u0646\u0629 \u0627\u0644\u0642\u064a\u0627\u0633 : M, L,<\/p>","protected":false},"featured_media":12871,"comment_status":"open","ping_status":"closed","template":"","meta":[],"product_cat":[65],"product_tag":[],"class_list":["post-14976","product","type-product","status-publish","has-post-thumbnail","hentry","product_cat-65"],"_links":{"self":[{"href":"https:\/\/oxygen-turkey.com\/tr\/wp-json\/wp\/v2\/product\/14976","targetHints":{"allow":["GET"]}}],"collection":[{"href":"https:\/\/oxygen-turkey.com\/tr\/wp-json\/wp\/v2\/product"}],"about":[{"href":"https:\/\/oxygen-turkey.com\/tr\/wp-json\/wp\/v2\/types\/product"}],"replies":[{"embeddable":true,"href":"https:\/\/oxygen-turkey.com\/tr\/wp-json\/wp\/v2\/comments?post=14976"}],"wp:featuredmedia":[{"embeddable":true,"href":"https:\/\/oxygen-turkey.com\/tr\/wp-json\/wp\/v2\/media\/12871"}],"wp:attachment":[{"href":"https:\/\/oxygen-turkey.com\/tr\/wp-json\/wp\/v2\/media?parent=14976"}],"wp:term":[{"taxonomy":"product_cat","embeddable":true,"href":"https:\/\/oxygen-turkey.com\/tr\/wp-json\/wp\/v2\/product_cat?post=14976"},{"taxonomy":"product_tag","embeddable":true,"href":"https:\/\/oxygen-turkey.com\/tr\/wp-json\/wp\/v2\/product_tag?post=14976"}],"curies":[{"name":"wp","href":"https:\/\/api.w.org\/{rel}","templated":true}]}}