{"id":14951,"date":"2022-01-16T08:06:40","date_gmt":"2022-01-16T05:06:40","guid":{"rendered":"https:\/\/oxygen-turkey.com\/?post_type=product&#038;p=14951"},"modified":"2023-01-03T14:48:01","modified_gmt":"2023-01-03T11:48:01","slug":"%d9%83%d8%a7%d8%b3%d8%a7%d8%aa-%d9%83%d8%b1%d8%aa%d9%88%d9%86-12-oz-%d9%85%d8%b9-%d8%ba%d8%b7%d8%a7%d8%a1-%d8%b9%d8%af%d8%af-5000","status":"publish","type":"product","link":"https:\/\/oxygen-turkey.com\/tr\/product\/%d9%83%d8%a7%d8%b3%d8%a7%d8%aa-%d9%83%d8%b1%d8%aa%d9%88%d9%86-12-oz-%d9%85%d8%b9-%d8%ba%d8%b7%d8%a7%d8%a1-%d8%b9%d8%af%d8%af-5000\/","title":{"rendered":"\u0643\u0627\u0633\u0627\u062a \u0643\u0631\u062a\u0648\u0646 12 oz \u0645\u0639 \u063a\u0637\u0627\u0621 \u0639\u062f\u062f 5000"},"content":{"rendered":"<p>\u0643\u0627\u0633\u0627\u062a \u0643\u0631\u062a\u0648\u0646 12 oz \u0645\u0639 \u063a\u0637\u0627\u0621 5000 \u0639\u062f\u062f<br \/>\niyi kalite<br \/>\nrenkli bask\u0131<br \/>\nplastik \u00f6rt\u00fc<br \/>\ny\u00fcr\u00fctme s\u00fcreci 7 i\u015f g\u00fcn\u00fcd\u00fcr<br \/>\nPaketi g\u00f6nderilmeye haz\u0131r<\/p>","protected":false},"excerpt":{"rendered":"<p>\u0643\u0627\u0633\u0627\u062a \u0643\u0631\u062a\u0648\u0646 12 oz \u0645\u0639 \u063a\u0637\u0627\u0621 5000 \u0639\u062f\u062f \u0646\u0648\u0639 \u0623\u0648\u0644 \u0637\u0628\u0627\u0639\u0629 \u0645\u0644\u0648\u0646\u0629 \u063a\u0637\u0627\u0621 \u0628\u0644\u0627\u0633\u062a\u064a\u0643\u064a \u0645\u062f\u0629 \u0627\u0644\u062a\u0633\u0644\u064a\u0645 7 \u0623\u064a\u0627\u0645 \u0639\u0645\u0644 \u0645\u0639<\/p>","protected":false},"featured_media":0,"comment_status":"open","ping_status":"closed","template":"","meta":[],"product_cat":[65],"product_tag":[],"class_list":["post-14951","product","type-product","status-publish","hentry","product_cat-65"],"_links":{"self":[{"href":"https:\/\/oxygen-turkey.com\/tr\/wp-json\/wp\/v2\/product\/14951","targetHints":{"allow":["GET"]}}],"collection":[{"href":"https:\/\/oxygen-turkey.com\/tr\/wp-json\/wp\/v2\/product"}],"about":[{"href":"https:\/\/oxygen-turkey.com\/tr\/wp-json\/wp\/v2\/types\/product"}],"replies":[{"embeddable":true,"href":"https:\/\/oxygen-turkey.com\/tr\/wp-json\/wp\/v2\/comments?post=14951"}],"wp:attachment":[{"href":"https:\/\/oxygen-turkey.com\/tr\/wp-json\/wp\/v2\/media?parent=14951"}],"wp:term":[{"taxonomy":"product_cat","embeddable":true,"href":"https:\/\/oxygen-turkey.com\/tr\/wp-json\/wp\/v2\/product_cat?post=14951"},{"taxonomy":"product_tag","embeddable":true,"href":"https:\/\/oxygen-turkey.com\/tr\/wp-json\/wp\/v2\/product_tag?post=14951"}],"curies":[{"name":"wp","href":"https:\/\/api.w.org\/{rel}","templated":true}]}}