{"id":14740,"date":"2022-09-27T16:01:45","date_gmt":"2022-09-27T13:01:45","guid":{"rendered":"https:\/\/oxygen-turkey.com\/?post_type=product&#038;p=14740"},"modified":"2023-01-03T15:10:35","modified_gmt":"2023-01-03T12:10:35","slug":"%d9%81%d9%88%d9%84%d8%af%d8%b1-a4","status":"publish","type":"product","link":"https:\/\/oxygen-turkey.com\/tr\/product\/%d9%81%d9%88%d9%84%d8%af%d8%b1-a4\/","title":{"rendered":"\u0641\u0648\u0644\u062f\u0631 A4 \u0639\u062f\u062f 1000"},"content":{"rendered":"<p>Boyut 310*225 mm<br \/>\nrenkli bask\u0131<br \/>\n1000 adet<br \/>\nKa\u011f\u0131t kal\u0131nl\u0131\u011f\u0131 350 g<br \/>\ntek y\u00fcz bask\u0131<br \/>\nMat veya parlak selefon<br \/>\nPaketleme ile g\u00f6nderilmeye haz\u0131r<\/p>","protected":false},"excerpt":{"rendered":"<p>Boyut 310*225 mm<br \/>\nrenkli bask\u0131<br \/>\n\u0639\u062f\u062f 10,000<br \/>\nKa\u011f\u0131t kal\u0131nl\u0131\u011f\u0131 350 g<br \/>\ntek y\u00fcz bask\u0131<br \/>\nMat veya parlak selefon<br \/>\nPaketleme ile g\u00f6nderilmeye haz\u0131r<\/p>","protected":false},"featured_media":12893,"comment_status":"open","ping_status":"closed","template":"","meta":[],"product_cat":[65],"product_tag":[219,223,224],"class_list":["post-14740","product","type-product","status-publish","has-post-thumbnail","hentry","product_cat-65","product_tag-a4","product_tag-a4-","product_tag-224"],"_links":{"self":[{"href":"https:\/\/oxygen-turkey.com\/tr\/wp-json\/wp\/v2\/product\/14740","targetHints":{"allow":["GET"]}}],"collection":[{"href":"https:\/\/oxygen-turkey.com\/tr\/wp-json\/wp\/v2\/product"}],"about":[{"href":"https:\/\/oxygen-turkey.com\/tr\/wp-json\/wp\/v2\/types\/product"}],"replies":[{"embeddable":true,"href":"https:\/\/oxygen-turkey.com\/tr\/wp-json\/wp\/v2\/comments?post=14740"}],"wp:featuredmedia":[{"embeddable":true,"href":"https:\/\/oxygen-turkey.com\/tr\/wp-json\/wp\/v2\/media\/12893"}],"wp:attachment":[{"href":"https:\/\/oxygen-turkey.com\/tr\/wp-json\/wp\/v2\/media?parent=14740"}],"wp:term":[{"taxonomy":"product_cat","embeddable":true,"href":"https:\/\/oxygen-turkey.com\/tr\/wp-json\/wp\/v2\/product_cat?post=14740"},{"taxonomy":"product_tag","embeddable":true,"href":"https:\/\/oxygen-turkey.com\/tr\/wp-json\/wp\/v2\/product_tag?post=14740"}],"curies":[{"name":"wp","href":"https:\/\/api.w.org\/{rel}","templated":true}]}}