{"id":14735,"date":"2022-01-06T13:05:18","date_gmt":"2022-01-06T10:05:18","guid":{"rendered":"https:\/\/oxygen-turkey.com\/?post_type=product&#038;p=14735"},"modified":"2023-01-03T14:53:00","modified_gmt":"2023-01-03T11:53:00","slug":"%d9%88%d8%b1%d8%a7%d9%82%d8%a7%d8%aa-10000-%d8%b9%d8%af%d8%af","status":"publish","type":"product","link":"https:\/\/oxygen-turkey.com\/tr\/product\/%d9%88%d8%b1%d8%a7%d9%82%d8%a7%d8%aa-10000-%d8%b9%d8%af%d8%af\/","title":{"rendered":"\u0648\u0631\u0627\u0642\u0627\u062a 1000 \u0639\u062f\u062f"},"content":{"rendered":"<p>Boyut 85 * 85 mm<br \/>\nrenkli bask\u0131<br \/>\n1000 adet<br \/>\nKa\u011f\u0131t kal\u0131nl\u0131\u011f\u0131 350 g<br \/>\n\u00e7ift \u200b\u200btarafl\u0131 bask\u0131<br \/>\nSelofan ile bask\u0131<br \/>\nPaketleme ile g\u00f6nderilmeye haz\u0131r<\/p>","protected":false},"excerpt":{"rendered":"<p>Boyut 85 * 85 mm<br \/>\nrenkli bask\u0131<br \/>\n\u0639\u062f\u062f 10,000<br \/>\nKa\u011f\u0131t kal\u0131nl\u0131\u011f\u0131 350 g<br \/>\n\u00e7ift \u200b\u200btarafl\u0131 bask\u0131<br \/>\nSelofan ile bask\u0131<br \/>\nPaketleme ile g\u00f6nderilmeye haz\u0131r<\/p>","protected":false},"featured_media":12860,"comment_status":"open","ping_status":"closed","template":"","meta":[],"product_cat":[65],"product_tag":[216,214,215],"class_list":["post-14735","product","type-product","status-publish","has-post-thumbnail","hentry","product_cat-65","product_tag-216","product_tag-214","product_tag-215"],"_links":{"self":[{"href":"https:\/\/oxygen-turkey.com\/tr\/wp-json\/wp\/v2\/product\/14735","targetHints":{"allow":["GET"]}}],"collection":[{"href":"https:\/\/oxygen-turkey.com\/tr\/wp-json\/wp\/v2\/product"}],"about":[{"href":"https:\/\/oxygen-turkey.com\/tr\/wp-json\/wp\/v2\/types\/product"}],"replies":[{"embeddable":true,"href":"https:\/\/oxygen-turkey.com\/tr\/wp-json\/wp\/v2\/comments?post=14735"}],"wp:featuredmedia":[{"embeddable":true,"href":"https:\/\/oxygen-turkey.com\/tr\/wp-json\/wp\/v2\/media\/12860"}],"wp:attachment":[{"href":"https:\/\/oxygen-turkey.com\/tr\/wp-json\/wp\/v2\/media?parent=14735"}],"wp:term":[{"taxonomy":"product_cat","embeddable":true,"href":"https:\/\/oxygen-turkey.com\/tr\/wp-json\/wp\/v2\/product_cat?post=14735"},{"taxonomy":"product_tag","embeddable":true,"href":"https:\/\/oxygen-turkey.com\/tr\/wp-json\/wp\/v2\/product_tag?post=14735"}],"curies":[{"name":"wp","href":"https:\/\/api.w.org\/{rel}","templated":true}]}}