{"id":14734,"date":"2022-09-27T15:00:59","date_gmt":"2022-09-27T12:00:59","guid":{"rendered":"https:\/\/oxygen-turkey.com\/?post_type=product&#038;p=14734"},"modified":"2022-12-29T11:50:07","modified_gmt":"2022-12-29T08:50:07","slug":"%d8%a3%d9%83%d9%8a%d8%a7%d8%b3-%d9%81%d8%a7%d8%b2%d9%84%d9%8a%d9%86-%d8%b9%d8%af%d8%af-10000","status":"publish","type":"product","link":"https:\/\/oxygen-turkey.com\/tr\/product\/%d8%a3%d9%83%d9%8a%d8%a7%d8%b3-%d9%81%d8%a7%d8%b2%d9%84%d9%8a%d9%86-%d8%b9%d8%af%d8%af-10000\/","title":{"rendered":"\u0623\u0643\u064a\u0627\u0633 \u0641\u0627\u0632\u0644\u064a\u0646  \u0639\u062f\u062f 10,000 \u0627\u0644\u0642\u064a\u0627\u0633 35*40*8 \u0633\u0645"},"content":{"rendered":"<p>Vazelin po\u015fet bask\u0131<br \/>\n35*40*8 cm Ebat<br \/>\nrenkli bask\u0131<br \/>\ny\u00fcr\u00fctme s\u00fcreci 7 i\u015f g\u00fcn\u00fcd\u00fcr<br \/>\n\u0639\u062f\u062f 10,000<\/p>","protected":false},"excerpt":{"rendered":"<p>Vazelin po\u015fet bask\u0131<br \/>\n35*40*8 cm Ebat<br \/>\nrenkli bask\u0131<br \/>\ny\u00fcr\u00fctme s\u00fcreci 7 i\u015f g\u00fcn\u00fcd\u00fcr<br \/>\n\u0639\u062f\u062f 10,000<\/p>","protected":false},"featured_media":13200,"comment_status":"open","ping_status":"closed","template":"","meta":[],"product_cat":[65],"product_tag":[191,212,211,112,213],"class_list":["post-14734","product","type-product","status-publish","has-post-thumbnail","hentry","product_cat-65","product_tag-191","product_tag-212","product_tag-211","product_tag-112","product_tag-213"],"_links":{"self":[{"href":"https:\/\/oxygen-turkey.com\/tr\/wp-json\/wp\/v2\/product\/14734","targetHints":{"allow":["GET"]}}],"collection":[{"href":"https:\/\/oxygen-turkey.com\/tr\/wp-json\/wp\/v2\/product"}],"about":[{"href":"https:\/\/oxygen-turkey.com\/tr\/wp-json\/wp\/v2\/types\/product"}],"replies":[{"embeddable":true,"href":"https:\/\/oxygen-turkey.com\/tr\/wp-json\/wp\/v2\/comments?post=14734"}],"wp:featuredmedia":[{"embeddable":true,"href":"https:\/\/oxygen-turkey.com\/tr\/wp-json\/wp\/v2\/media\/13200"}],"wp:attachment":[{"href":"https:\/\/oxygen-turkey.com\/tr\/wp-json\/wp\/v2\/media?parent=14734"}],"wp:term":[{"taxonomy":"product_cat","embeddable":true,"href":"https:\/\/oxygen-turkey.com\/tr\/wp-json\/wp\/v2\/product_cat?post=14734"},{"taxonomy":"product_tag","embeddable":true,"href":"https:\/\/oxygen-turkey.com\/tr\/wp-json\/wp\/v2\/product_tag?post=14734"}],"curies":[{"name":"wp","href":"https:\/\/api.w.org\/{rel}","templated":true}]}}