{"id":14728,"date":"2022-01-16T08:10:58","date_gmt":"2022-01-16T05:10:58","guid":{"rendered":"https:\/\/oxygen-turkey.com\/?post_type=product&#038;p=14728"},"modified":"2023-01-03T14:46:57","modified_gmt":"2023-01-03T11:46:57","slug":"%d9%83%d8%a7%d8%b3%d8%a7%d8%aa-%d9%83%d8%b1%d8%aa%d9%88%d9%86-14-oz-%d9%85%d8%b9-%d8%ba%d8%b7%d8%a7%d8%a1-2000-%d8%b9%d8%af%d8%af","status":"publish","type":"product","link":"https:\/\/oxygen-turkey.com\/tr\/product\/%d9%83%d8%a7%d8%b3%d8%a7%d8%aa-%d9%83%d8%b1%d8%aa%d9%88%d9%86-14-oz-%d9%85%d8%b9-%d8%ba%d8%b7%d8%a7%d8%a1-2000-%d8%b9%d8%af%d8%af\/","title":{"rendered":"\u0643\u0627\u0633\u0627\u062a \u0643\u0631\u062a\u0648\u0646 14 oz \u0645\u0639 \u063a\u0637\u0627\u0621 2000 \u0639\u062f\u062f"},"content":{"rendered":"<p>\u0643\u0627\u0633\u0627\u062a \u0643\u0631\u062a\u0648\u0646 14 oz \u0645\u0639 \u063a\u0637\u0627\u0621 2000 \u0639\u062f\u062f<br \/>\niyi kalite<br \/>\nrenkli bask\u0131<br \/>\nplastik \u00f6rt\u00fc<br \/>\ny\u00fcr\u00fctme s\u00fcreci 7 i\u015f g\u00fcn\u00fcd\u00fcr<br \/>\nPaketi g\u00f6nderilmeye haz\u0131r<\/p>","protected":false},"excerpt":{"rendered":"<p>\u0643\u0627\u0633\u0627\u062a \u0643\u0631\u062a\u0648\u0646 14 oz \u0645\u0639 \u063a\u0637\u0627\u0621 2000 \u0639\u062f\u062f<br \/>\niyi kalite<br \/>\nrenkli bask\u0131<br \/>\nplastik \u00f6rt\u00fc<br \/>\ny\u00fcr\u00fctme s\u00fcreci 7 i\u015f g\u00fcn\u00fcd\u00fcr<br \/>\nPaketi g\u00f6nderilmeye haz\u0131r<\/p>","protected":false},"featured_media":13430,"comment_status":"open","ping_status":"closed","template":"","meta":[],"product_cat":[65],"product_tag":[198,199,184,113,201,200],"class_list":["post-14728","product","type-product","status-publish","has-post-thumbnail","hentry","product_cat-65","product_tag-198","product_tag-199","product_tag-184","product_tag-113","product_tag-201","product_tag-200"],"_links":{"self":[{"href":"https:\/\/oxygen-turkey.com\/tr\/wp-json\/wp\/v2\/product\/14728","targetHints":{"allow":["GET"]}}],"collection":[{"href":"https:\/\/oxygen-turkey.com\/tr\/wp-json\/wp\/v2\/product"}],"about":[{"href":"https:\/\/oxygen-turkey.com\/tr\/wp-json\/wp\/v2\/types\/product"}],"replies":[{"embeddable":true,"href":"https:\/\/oxygen-turkey.com\/tr\/wp-json\/wp\/v2\/comments?post=14728"}],"wp:featuredmedia":[{"embeddable":true,"href":"https:\/\/oxygen-turkey.com\/tr\/wp-json\/wp\/v2\/media\/13430"}],"wp:attachment":[{"href":"https:\/\/oxygen-turkey.com\/tr\/wp-json\/wp\/v2\/media?parent=14728"}],"wp:term":[{"taxonomy":"product_cat","embeddable":true,"href":"https:\/\/oxygen-turkey.com\/tr\/wp-json\/wp\/v2\/product_cat?post=14728"},{"taxonomy":"product_tag","embeddable":true,"href":"https:\/\/oxygen-turkey.com\/tr\/wp-json\/wp\/v2\/product_tag?post=14728"}],"curies":[{"name":"wp","href":"https:\/\/api.w.org\/{rel}","templated":true}]}}