{"id":14659,"date":"2022-02-14T02:11:45","date_gmt":"2022-02-13T23:11:45","guid":{"rendered":"https:\/\/oxygen-turkey.com\/?post_type=product&#038;p=14659"},"modified":"2023-01-03T14:28:48","modified_gmt":"2023-01-03T11:28:48","slug":"%d8%af%d9%81%d8%aa%d8%b1-%d8%a7%d9%8a%d8%b5%d8%a7%d9%84%d8%a7%d8%aa-%d8%b9%d8%af%d8%af-5-%d9%82%d9%8a%d8%a7%d8%b3-a5","status":"publish","type":"product","link":"https:\/\/oxygen-turkey.com\/tr\/product\/%d8%af%d9%81%d8%aa%d8%b1-%d8%a7%d9%8a%d8%b5%d8%a7%d9%84%d8%a7%d8%aa-%d8%b9%d8%af%d8%af-5-%d9%82%d9%8a%d8%a7%d8%b3-a5\/","title":{"rendered":"\u062f\u0641\u062a\u0631 \u0627\u064a\u0635\u0627\u0644\u0627\u062a \u0639\u062f\u062f 5 \u0642\u064a\u0627\u0633 A5"},"content":{"rendered":"<div class=\"woocommerce-product-details__short-description\">\n<ul>\n<li>\u062f\u0641\u062a\u0631 \u0627\u064a\u0635\u0627\u0644\u0627\u062a \u0639\u062f\u062f 5<\/li>\n<li>A5 boyutu<\/li>\n<li>\u0623\u0635\u0644 \u0648\u0646\u0633\u062e\u0629 \u0648\u0627\u062d\u062f\u0629<\/li>\n<li>renkli bask\u0131<\/li>\n<li>50 \u0627\u064a\u0635\u0627\u0644 \u0643\u0644 \u062f\u0641\u062a\u0631<\/li>\n<li>\u0627\u0644\u063a\u0644\u0627\u0641 \u063a\u064a\u0631 \u0645\u0637\u0628\u0648\u0639<\/li>\n<li>\u0631\u0642\u0645 \u062a\u0633\u0644\u0633\u0644\u064a<\/li>\n<li>y\u00fcr\u00fctme s\u00fcreci 7 i\u015f g\u00fcn\u00fcd\u00fcr<\/li>\n<li>Paketi g\u00f6nderilmeye haz\u0131r<\/li>\n<\/ul>\n<\/div>\n<form class=\"cart\" action=\"https:\/\/oxygen-turkey.com\/tr\/urun\/%d8%af%d9%81%d8%aa%d8%b1-%d8%a7%d9%8a%d8%b5%d8%a7%d9%84%d8%a7%d8%aa-a5-%d8%b9%d8%af%d8%af-20\/\" enctype=\"multipart\/form-data\" method=\"post\" data-trp-original-action=\"https:\/\/oxygen-turkey.com\/product\/%d8%af%d9%81%d8%aa%d8%b1-%d8%a7%d9%8a%d8%b5%d8%a7%d9%84%d8%a7%d8%aa-a5-%d8%b9%d8%af%d8%af-20\/\">\n<div id=\"pofw_product_options\" class=\"pofw-product-options-wrapper\">\n<div class=\"fieldset\"><\/div>\n<\/div>\n<div class=\"quantity\"><\/div>\n<input type=\"hidden\" name=\"trp-form-language\" value=\"tr\"\/><\/form>","protected":false},"excerpt":{"rendered":"<div class=\"woocommerce-product-details__short-description\">\n<ul>\n<li>\u062f\u0641\u062a\u0631 \u0627\u064a\u0635\u0627\u0644\u0627\u062a \u0639\u062f\u062f 5<\/li>\n<li>A5 boyutu<\/li>\n<li>\u0623\u0635\u0644 \u0648\u0646\u0633\u062e\u0629 \u0648\u0627\u062d\u062f\u0629<\/li>\n<li>renkli bask\u0131<\/li>\n<li>50 \u0627\u064a\u0635\u0627\u0644 \u0643\u0644 \u062f\u0641\u062a\u0631<\/li>\n<li>\u0627\u0644\u063a\u0644\u0627\u0641 \u063a\u064a\u0631 \u0645\u0637\u0628\u0648\u0639<\/li>\n<li>\u0631\u0642\u0645 \u062a\u0633\u0644\u0633\u0644\u064a<\/li>\n<li>y\u00fcr\u00fctme s\u00fcreci 7 i\u015f g\u00fcn\u00fcd\u00fcr<\/li>\n<li>Paketi g\u00f6nderilmeye haz\u0131r<\/li>\n<\/ul>\n<\/div>\n<form class=\"cart\" action=\"https:\/\/oxygen-turkey.com\/tr\/urun\/%d8%af%d9%81%d8%aa%d8%b1-%d8%a7%d9%8a%d8%b5%d8%a7%d9%84%d8%a7%d8%aa-a5-%d8%b9%d8%af%d8%af-20\/\" enctype=\"multipart\/form-data\" method=\"post\" data-trp-original-action=\"https:\/\/oxygen-turkey.com\/product\/%d8%af%d9%81%d8%aa%d8%b1-%d8%a7%d9%8a%d8%b5%d8%a7%d9%84%d8%a7%d8%aa-a5-%d8%b9%d8%af%d8%af-20\/\">\n<div id=\"pofw_product_options\" class=\"pofw-product-options-wrapper\">\n<div class=\"fieldset\"><\/div>\n<\/div>\n<input type=\"hidden\" name=\"trp-form-language\" value=\"tr\"\/><\/form>","protected":false},"featured_media":13640,"comment_status":"open","ping_status":"closed","template":"","meta":[],"product_cat":[65],"product_tag":[181,111,180,182,183],"class_list":["post-14659","product","type-product","status-publish","has-post-thumbnail","hentry","product_cat-65","product_tag-181","product_tag-111","product_tag-180","product_tag-182","product_tag-183"],"_links":{"self":[{"href":"https:\/\/oxygen-turkey.com\/tr\/wp-json\/wp\/v2\/product\/14659","targetHints":{"allow":["GET"]}}],"collection":[{"href":"https:\/\/oxygen-turkey.com\/tr\/wp-json\/wp\/v2\/product"}],"about":[{"href":"https:\/\/oxygen-turkey.com\/tr\/wp-json\/wp\/v2\/types\/product"}],"replies":[{"embeddable":true,"href":"https:\/\/oxygen-turkey.com\/tr\/wp-json\/wp\/v2\/comments?post=14659"}],"wp:featuredmedia":[{"embeddable":true,"href":"https:\/\/oxygen-turkey.com\/tr\/wp-json\/wp\/v2\/media\/13640"}],"wp:attachment":[{"href":"https:\/\/oxygen-turkey.com\/tr\/wp-json\/wp\/v2\/media?parent=14659"}],"wp:term":[{"taxonomy":"product_cat","embeddable":true,"href":"https:\/\/oxygen-turkey.com\/tr\/wp-json\/wp\/v2\/product_cat?post=14659"},{"taxonomy":"product_tag","embeddable":true,"href":"https:\/\/oxygen-turkey.com\/tr\/wp-json\/wp\/v2\/product_tag?post=14659"}],"curies":[{"name":"wp","href":"https:\/\/api.w.org\/{rel}","templated":true}]}}