{"id":14600,"date":"2022-08-12T14:53:18","date_gmt":"2022-08-12T11:53:18","guid":{"rendered":"https:\/\/oxygen-turkey.com\/?post_type=product&#038;p=14600"},"modified":"2023-01-03T13:46:19","modified_gmt":"2023-01-03T10:46:19","slug":"%d8%b8%d8%b1%d9%81-%d8%b3%d9%83%d8%b1-%d8%a3%d8%b3%d9%85%d8%b1-%d9%84%d9%84%d9%85%d8%b7%d8%a7%d8%b9%d9%85-30-%d8%b7%d8%b1%d8%af","status":"publish","type":"product","link":"https:\/\/oxygen-turkey.com\/tr\/product\/%d8%b8%d8%b1%d9%81-%d8%b3%d9%83%d8%b1-%d8%a3%d8%b3%d9%85%d8%b1-%d9%84%d9%84%d9%85%d8%b7%d8%a7%d8%b9%d9%85-30-%d8%b7%d8%b1%d8%af\/","title":{"rendered":"\u0638\u0631\u0641 \u0633\u0643\u0631 \u0623\u0633\u0645\u0631 \u0644\u0644\u0645\u0637\u0627\u0639\u0645 30 \u0637\u0631\u062f \u0639\u062f\u062f 90000"},"content":{"rendered":"<ul>\n<li>\u0633\u0643\u0631 \u0623\u0633\u0645\u0631<\/li>\n<li>renkli bask\u0131<\/li>\n<li>Paket a\u011f\u0131rl\u0131\u011f\u0131 3 gramd\u0131r.<\/li>\n<li>\u0627\u0644\u0639\u062f\u062f 90000 \u0638\u0631\u0641<\/li>\n<li>\u0645\u0648\u0632\u0639 \u0639\u0644\u0649 30 \u0637\u0631\u062f<\/li>\n<li>kargo  haz\u0131r<\/li>\n<li>Uygulama s\u00fcresi 7 i\u015f g\u00fcn\u00fcd\u00fcr.<\/li>\n<\/ul>","protected":false},"excerpt":{"rendered":"<ul>\n<li>\u0633\u0643\u0631 \u0623\u0633\u0645\u0631<\/li>\n<li>renkli bask\u0131<\/li>\n<li>Paket a\u011f\u0131rl\u0131\u011f\u0131 3 gramd\u0131r.<\/li>\n<li>\u0627\u0644\u0639\u062f\u062f 90000 \u0638\u0631\u0641<\/li>\n<li>\u0645\u0648\u0632\u0639 \u0639\u0644\u0649 30 \u0637\u0631\u062f<\/li>\n<li>kargo  haz\u0131r<\/li>\n<li>Uygulama s\u00fcresi 7 i\u015f g\u00fcn\u00fcd\u00fcr.<\/li>\n<\/ul>","protected":false},"featured_media":13615,"comment_status":"open","ping_status":"closed","template":"","meta":[],"product_cat":[65],"product_tag":[175,172,173],"class_list":["post-14600","product","type-product","status-publish","has-post-thumbnail","hentry","product_cat-65","product_tag-175","product_tag-172","product_tag-173"],"_links":{"self":[{"href":"https:\/\/oxygen-turkey.com\/tr\/wp-json\/wp\/v2\/product\/14600","targetHints":{"allow":["GET"]}}],"collection":[{"href":"https:\/\/oxygen-turkey.com\/tr\/wp-json\/wp\/v2\/product"}],"about":[{"href":"https:\/\/oxygen-turkey.com\/tr\/wp-json\/wp\/v2\/types\/product"}],"replies":[{"embeddable":true,"href":"https:\/\/oxygen-turkey.com\/tr\/wp-json\/wp\/v2\/comments?post=14600"}],"wp:featuredmedia":[{"embeddable":true,"href":"https:\/\/oxygen-turkey.com\/tr\/wp-json\/wp\/v2\/media\/13615"}],"wp:attachment":[{"href":"https:\/\/oxygen-turkey.com\/tr\/wp-json\/wp\/v2\/media?parent=14600"}],"wp:term":[{"taxonomy":"product_cat","embeddable":true,"href":"https:\/\/oxygen-turkey.com\/tr\/wp-json\/wp\/v2\/product_cat?post=14600"},{"taxonomy":"product_tag","embeddable":true,"href":"https:\/\/oxygen-turkey.com\/tr\/wp-json\/wp\/v2\/product_tag?post=14600"}],"curies":[{"name":"wp","href":"https:\/\/api.w.org\/{rel}","templated":true}]}}