{"id":13899,"date":"2022-04-05T00:37:20","date_gmt":"2022-04-04T21:37:20","guid":{"rendered":"https:\/\/oxygen-turkey.com\/?post_type=product&#038;p=13899"},"modified":"2023-01-03T14:09:10","modified_gmt":"2023-01-03T11:09:10","slug":"%d9%81%d8%a7%d9%86%d9%88%d8%b3-%d9%83%d8%b1%d9%88%d9%85-%d9%85%d8%b6%d8%a7%d8%a1-%d8%af%d8%a7%d8%a6%d8%b1%d9%8a","status":"publish","type":"product","link":"https:\/\/oxygen-turkey.com\/tr\/product\/%d9%81%d8%a7%d9%86%d9%88%d8%b3-%d9%83%d8%b1%d9%88%d9%85-%d9%85%d8%b6%d8%a7%d8%a1-%d8%af%d8%a7%d8%a6%d8%b1%d9%8a\/","title":{"rendered":"\u0641\u0627\u0646\u0648\u0633 \u0643\u0631\u0648\u0645 \u0645\u0636\u0627\u0621 \u062f\u0627\u0626\u0631\u064a 60 \u0633\u0645"},"content":{"rendered":"<p>\u0641\u0627\u0646\u0648\u0633 \u0643\u0631\u0648\u0645 \u0645\u0636\u0627\u0621 \u062f\u0627\u0626\u0631\u064a<br \/>\n\u0627\u0644\u0642\u0627\u064a\u0633\u00a0 60*60\u00a0 \u0633\u0645<br \/>\nher iki tarafa da bas\u0131lm\u0131\u015f<br \/>\nAsmak i\u00e7in bir yan taban ile donat\u0131lm\u0131\u015ft\u0131r<br \/>\n\u0645\u0635\u0646\u0648\u0639 \u0645\u0646 \u0627\u0644\u0645\u0639\u062f\u0646 \u0627\u0644\u0643\u0631\u0648\u0645 \u0648\u0645\u0627\u062f\u0629 \u0627\u0644\u0628\u0644\u0643\u0633\u064a<\/p>\n<p>\u0645\u0636\u0627\u0621 \u0628\u0644\u062f \u0646\u0648\u0639 \u0623\u0648\u0644<br \/>\nPaketi g\u00f6nderilmeye haz\u0131r<br \/>\n\u0645\u0646 \u0627\u0644\u0645\u0645\u0643\u0646 \u062a\u0635\u0646\u064a\u0639 \u062c\u0645\u064a\u0639 \u0627\u0644\u0623\u0646\u0648\u0627\u0639 \u0648\u0627\u0644\u0623\u0634\u0643\u0627\u0644<\/p>","protected":false},"excerpt":{"rendered":"<p>\u0641\u0627\u0646\u0648\u0633 \u0643\u0631\u0648\u0645 \u0645\u0636\u0627\u0621 \u062f\u0627\u0626\u0631\u064a<br \/>\n\u0627\u0644\u0642\u0627\u064a\u0633\u00a0 60*60\u00a0 \u0633\u0645<br \/>\nher iki tarafa da bas\u0131lm\u0131\u015f<br \/>\nAsmak i\u00e7in bir yan taban ile donat\u0131lm\u0131\u015ft\u0131r<br \/>\n\u0645\u0635\u0646\u0648\u0639 \u0645\u0646 \u0627\u0644\u0645\u0639\u062f\u0646 \u0627\u0644\u0643\u0631\u0648\u0645 \u0648\u0645\u0627\u062f\u0629 \u0627\u0644\u0628\u0644\u0643\u0633\u064a<\/p>\n<p>\u0645\u0636\u0627\u0621 \u0628\u0644\u062f \u0646\u0648\u0639 \u0623\u0648\u0644<br \/>\nPaketi g\u00f6nderilmeye haz\u0131r<br \/>\n\u0645\u0646 \u0627\u0644\u0645\u0645\u0643\u0646 \u062a\u0635\u0646\u064a\u0639 \u062c\u0645\u064a\u0639 \u0627\u0644\u0623\u0646\u0648\u0627\u0639 \u0648\u0627\u0644\u0623\u0634\u0643\u0627\u0644<\/p>","protected":false},"featured_media":13900,"comment_status":"open","ping_status":"closed","template":"","meta":[],"product_cat":[70],"product_tag":[],"class_list":["post-13899","product","type-product","status-publish","has-post-thumbnail","hentry","product_cat-70"],"_links":{"self":[{"href":"https:\/\/oxygen-turkey.com\/tr\/wp-json\/wp\/v2\/product\/13899","targetHints":{"allow":["GET"]}}],"collection":[{"href":"https:\/\/oxygen-turkey.com\/tr\/wp-json\/wp\/v2\/product"}],"about":[{"href":"https:\/\/oxygen-turkey.com\/tr\/wp-json\/wp\/v2\/types\/product"}],"replies":[{"embeddable":true,"href":"https:\/\/oxygen-turkey.com\/tr\/wp-json\/wp\/v2\/comments?post=13899"}],"wp:featuredmedia":[{"embeddable":true,"href":"https:\/\/oxygen-turkey.com\/tr\/wp-json\/wp\/v2\/media\/13900"}],"wp:attachment":[{"href":"https:\/\/oxygen-turkey.com\/tr\/wp-json\/wp\/v2\/media?parent=13899"}],"wp:term":[{"taxonomy":"product_cat","embeddable":true,"href":"https:\/\/oxygen-turkey.com\/tr\/wp-json\/wp\/v2\/product_cat?post=13899"},{"taxonomy":"product_tag","embeddable":true,"href":"https:\/\/oxygen-turkey.com\/tr\/wp-json\/wp\/v2\/product_tag?post=13899"}],"curies":[{"name":"wp","href":"https:\/\/api.w.org\/{rel}","templated":true}]}}