{"id":13837,"date":"2022-02-24T12:18:25","date_gmt":"2022-02-24T09:18:25","guid":{"rendered":"https:\/\/oxygen-turkey.com\/?post_type=product&#038;p=13837"},"modified":"2022-10-26T19:30:49","modified_gmt":"2022-10-26T16:30:49","slug":"%d9%85%d9%88%d8%b4%d9%86-%d8%ac%d8%b1%d8%a7%d9%81%d9%8a%d9%83-2","status":"publish","type":"product","link":"https:\/\/oxygen-turkey.com\/tr\/product\/%d9%85%d9%88%d8%b4%d9%86-%d8%ac%d8%b1%d8%a7%d9%81%d9%8a%d9%83-2\/","title":{"rendered":"Hareket grafikleri"},"content":{"rendered":"<ul>\n<li>\n<h3>Sosyal medya platformlar\u0131 i\u00e7in pazarlama videosu<\/h3>\n<p>Sosyal medya platformlar\u0131, site, sayfa veya hizmet sahibinin istedi\u011fi herhangi bir \u015feyi tan\u0131tmak i\u00e7in pazarlama videosuna ihtiya\u00e7 duyan en fazla platformdur.<\/li>\n<li><i class=\"ri-check-line\"><\/i><br \/>\n<h3>Web siteleri i\u00e7in pazarlama i\u00e7eri\u011fi<\/h3>\n<p>Web sitesinin haz\u0131r olmas\u0131 i\u00e7in i\u00e7eri\u011fe ihtiyac\u0131 vard\u0131r. Hizmetlerinizin ayr\u0131nt\u0131lar\u0131n\u0131 ve sitenizde sunduklar\u0131n\u0131z\u0131 a\u00e7\u0131klamak i\u00e7in farkl\u0131 ve \u00e7ekici pazarlama i\u00e7eri\u011fi geli\u015ftirmeniz gerekir.<\/li>\n<li><i class=\"ri-check-line\"><\/i><br \/>\n<h3>Yarat\u0131c\u0131 Reklam i\u00e7eri\u011fi<\/h3>\n<p>Bir \u00fcr\u00fcn\u00fcn m\u00fcnhas\u0131ran ve ay\u0131rt edici bir \u015fekilde reklam\u0131n\u0131 yapmak i\u00e7in bu hizmet uygundur, \u00e7\u00fcnk\u00fc \u015firketin \u00fcr\u00fcnleri veya hizmetleri i\u00e7in m\u00fc\u015fterileri h\u0131zla \u00e7ekecek yarat\u0131c\u0131 i\u00e7erik i\u00e7eren reklamlar yazmay\u0131 i\u00e7erir.<\/li>\n<li><i class=\"ri-check-line\"><\/i><br \/>\n<h3>\u015eirket i\u00e7in i\u00e7erik yazma<\/h3>\n<p>Yeni kurulan \u015firketler, \u015firket hakk\u0131nda daha fazla bilgi edinmek isteyen herkesin g\u00f6rebilmesi ve \u015firketi tan\u0131tmak i\u00e7in bir aray\u00fcz olarak hizmet edebilmesi i\u00e7in, onlar hakk\u0131nda belirgin tan\u0131t\u0131m i\u00e7eri\u011fine sahip olmal\u0131d\u0131r.<\/li>\n<\/ul>","protected":false},"excerpt":{"rendered":"<ul>\n<li>\u0641\u064a\u062f\u064a\u0648 \u0645\u0648\u0634\u0646 \u062c\u0631\u0627\u0641\u064a\u0643 \u0645\u062f\u062a\u0647 60 \u062b\u0627\u0646\u064a\u0629<\/li>\n<li>\u0645\u062f\u0629\u00a0 \u0627\u0644\u062a\u0646\u0641\u064a\u0630 \u0645\u0646 4 \u0627\u0644\u0649 7 \u0627\u064a\u0627\u0645<\/li>\n<li>\u0627\u062e\u0631\u0627\u062c \u0641\u0646\u064a<\/li>\n<li>\u0645\u0648\u0646\u062a\u0627\u062c<\/li>\n<li>\u0645\u0648\u0633\u064a\u0642\u0649<\/li>\n<li>\u062c\u0631\u0627\u0641\u064a\u0643<\/li>\n<li>\u0646\u0635\u0648\u0635 \u0645\u0643\u062a\u0648\u0628\u0629<\/li>\n<li>\u0645\u0648\u0627\u062f \u0627\u062d\u062a\u0631\u0627\u0641\u064a\u0647<\/li>\n<li>\u062a\u0639\u0644\u064a\u0642 \u0635\u0648\u062a\u064a<\/li>\n<\/ul>\n<p>&nbsp;<\/p>","protected":false},"featured_media":13838,"comment_status":"open","ping_status":"closed","template":"","meta":[],"product_cat":[69],"product_tag":[],"class_list":["post-13837","product","type-product","status-publish","has-post-thumbnail","hentry","product_cat-69"],"_links":{"self":[{"href":"https:\/\/oxygen-turkey.com\/tr\/wp-json\/wp\/v2\/product\/13837","targetHints":{"allow":["GET"]}}],"collection":[{"href":"https:\/\/oxygen-turkey.com\/tr\/wp-json\/wp\/v2\/product"}],"about":[{"href":"https:\/\/oxygen-turkey.com\/tr\/wp-json\/wp\/v2\/types\/product"}],"replies":[{"embeddable":true,"href":"https:\/\/oxygen-turkey.com\/tr\/wp-json\/wp\/v2\/comments?post=13837"}],"wp:featuredmedia":[{"embeddable":true,"href":"https:\/\/oxygen-turkey.com\/tr\/wp-json\/wp\/v2\/media\/13838"}],"wp:attachment":[{"href":"https:\/\/oxygen-turkey.com\/tr\/wp-json\/wp\/v2\/media?parent=13837"}],"wp:term":[{"taxonomy":"product_cat","embeddable":true,"href":"https:\/\/oxygen-turkey.com\/tr\/wp-json\/wp\/v2\/product_cat?post=13837"},{"taxonomy":"product_tag","embeddable":true,"href":"https:\/\/oxygen-turkey.com\/tr\/wp-json\/wp\/v2\/product_tag?post=13837"}],"curies":[{"name":"wp","href":"https:\/\/api.w.org\/{rel}","templated":true}]}}