{"id":13680,"date":"2022-01-06T13:33:00","date_gmt":"2022-01-06T10:33:00","guid":{"rendered":"https:\/\/oxygen-turkey.com\/?post_type=product&#038;p=13680"},"modified":"2023-01-03T15:57:03","modified_gmt":"2023-01-03T12:57:03","slug":"%d9%83%d8%b1%d8%aa-%d9%81%d9%8a%d8%b2%d9%8a%d8%aa-350%d8%ba-%d8%b9%d8%af%d8%af-1000-mna","status":"publish","type":"product","link":"https:\/\/oxygen-turkey.com\/tr\/product\/%d9%83%d8%b1%d8%aa-%d9%81%d9%8a%d8%b2%d9%8a%d8%aa-350%d8%ba-%d8%b9%d8%af%d8%af-1000-mna\/","title":{"rendered":"\u0643\u0631\u062a \u0641\u064a\u0632\u064a\u062a 350\u063a \u0639\u062f\u062f 1000 MNA"},"content":{"rendered":"<div class=\"woocommerce-product-details__short-description\">\n<ul>\n<li>\u0643\u0631\u062a \u0641\u064a\u0632\u064a\u062a 350\u063a \u0639\u062f\u062f 1000 MNA<\/li>\n<li>\u00d6l\u00e7\u00fc 86*54 mm<\/li>\n<li>\u0637\u0628\u0627\u0639\u0629 \u0637\u0631\u0641 \u0645\u0644\u0648\u0646 \u0648\u0627\u0644\u0637\u0631\u0641 \u0627\u0644\u0622\u062e\u0631 \u0627\u0633\u0648\u062f<\/li>\n<li>1000 adet<\/li>\n<li>\u0633\u0645\u0643 \u0627\u0644\u0648\u0631\u0642 350 \u063a\u0631\u0627\u0645\u0627\u062c<\/li>\n<li>\u0633\u0648\u0644\u0648\u0641\u0627\u0646 \u0645\u0646 \u0637\u0631\u0641 \u0648\u0627\u062d\u062f<\/li>\n<li>\u0627\u0644\u0637\u0631\u0641 \u0627\u0644\u0622\u062e\u0631 \u0635\u0627\u0644\u062d \u0644\u0644\u0643\u062a\u0627\u0628\u0629<\/li>\n<li>Paketleme ile g\u00f6nderilmeye haz\u0131r<\/li>\n<\/ul>\n<\/div>","protected":false},"excerpt":{"rendered":"<ul>\n<li>\u0643\u0631\u062a \u0641\u064a\u0632\u064a\u062a 350\u063a \u0639\u062f\u062f 1000 MNA<\/li>\n<li>\u00d6l\u00e7\u00fc 86*54 mm<\/li>\n<li>\u0637\u0628\u0627\u0639\u0629 \u0637\u0631\u0641 \u0645\u0644\u0648\u0646 \u0648\u0627\u0644\u0637\u0631\u0641 \u0627\u0644\u0622\u062e\u0631 \u0627\u0633\u0648\u062f<\/li>\n<li>1000 adet<\/li>\n<li>\u0633\u0645\u0643 \u0627\u0644\u0648\u0631\u0642 350 \u063a\u0631\u0627\u0645\u0627\u062c<\/li>\n<li>\u0633\u0648\u0644\u0648\u0641\u0627\u0646 \u0645\u0646 \u0637\u0631\u0641 \u0648\u0627\u062d\u062f<\/li>\n<li>\u0627\u0644\u0637\u0631\u0641 \u0627\u0644\u0622\u062e\u0631 \u0635\u0627\u0644\u062d \u0644\u0644\u0643\u062a\u0627\u0628\u0629<\/li>\n<li>Paketleme ile g\u00f6nderilmeye haz\u0131r<\/li>\n<\/ul>","protected":false},"featured_media":13681,"comment_status":"open","ping_status":"closed","template":"","meta":[],"product_cat":[65],"product_tag":[],"class_list":["post-13680","product","type-product","status-publish","has-post-thumbnail","hentry","product_cat-65"],"_links":{"self":[{"href":"https:\/\/oxygen-turkey.com\/tr\/wp-json\/wp\/v2\/product\/13680","targetHints":{"allow":["GET"]}}],"collection":[{"href":"https:\/\/oxygen-turkey.com\/tr\/wp-json\/wp\/v2\/product"}],"about":[{"href":"https:\/\/oxygen-turkey.com\/tr\/wp-json\/wp\/v2\/types\/product"}],"replies":[{"embeddable":true,"href":"https:\/\/oxygen-turkey.com\/tr\/wp-json\/wp\/v2\/comments?post=13680"}],"wp:featuredmedia":[{"embeddable":true,"href":"https:\/\/oxygen-turkey.com\/tr\/wp-json\/wp\/v2\/media\/13681"}],"wp:attachment":[{"href":"https:\/\/oxygen-turkey.com\/tr\/wp-json\/wp\/v2\/media?parent=13680"}],"wp:term":[{"taxonomy":"product_cat","embeddable":true,"href":"https:\/\/oxygen-turkey.com\/tr\/wp-json\/wp\/v2\/product_cat?post=13680"},{"taxonomy":"product_tag","embeddable":true,"href":"https:\/\/oxygen-turkey.com\/tr\/wp-json\/wp\/v2\/product_tag?post=13680"}],"curies":[{"name":"wp","href":"https:\/\/api.w.org\/{rel}","templated":true}]}}