{"id":13653,"date":"2022-02-16T13:17:46","date_gmt":"2022-02-16T10:17:46","guid":{"rendered":"https:\/\/oxygen-turkey.com\/?post_type=product&#038;p=13653"},"modified":"2023-01-03T14:24:59","modified_gmt":"2023-01-03T11:24:59","slug":"mouse-pad-%d9%85%d8%b7%d8%a8%d9%88%d8%b9-%d8%b9%d8%af%d8%af-500","status":"publish","type":"product","link":"https:\/\/oxygen-turkey.com\/tr\/product\/mouse-pad-%d9%85%d8%b7%d8%a8%d9%88%d8%b9-%d8%b9%d8%af%d8%af-500\/","title":{"rendered":"Mouse Pad \u0645\u0637\u0628\u0648\u0639 \u0639\u062f\u062f 500"},"content":{"rendered":"<ul>\n<li>Mouse Pad \u0645\u0637\u0628\u0648\u0639 \u0639\u062f\u062f 500<\/li>\n<li>23*19 \u0633\u0645<\/li>\n<li>\u0645\u0637\u0628\u0648\u0639 \u0637\u0628\u0627\u0639\u0629 \u0645\u0644\u0648\u0646\u0629<\/li>\n<li>\u0645\u0635\u0646\u0641 \u0646\u0648\u0639 \u0623\u0648\u0644<\/li>\n<li>Uygulama s\u00fcresi 7 i\u015f g\u00fcn\u00fcd\u00fcr.<\/li>\n<li>\u062c\u0627\u0647\u0632 \u0645\u0639 \u0628\u0627\u0643\u062c \u0644\u0644\u0634\u062d\u0646<\/li>\n<li>\u0627\u0644\u0633\u0639\u0631 \u0639\u0646\u062f \u0627\u0644\u0637\u0644\u0628<\/li>\n<\/ul>","protected":false},"excerpt":{"rendered":"<ul>\n<li>Mouse Pad \u0645\u0637\u0628\u0648\u0639 \u0639\u062f\u062f 500<\/li>\n<li>23*19 \u0633\u0645<\/li>\n<li>\u0645\u0637\u0628\u0648\u0639 \u0637\u0628\u0627\u0639\u0629 \u0645\u0644\u0648\u0646\u0629<\/li>\n<li>\u0645\u0635\u0646\u0641 \u0646\u0648\u0639 \u0623\u0648\u0644<\/li>\n<li>Uygulama s\u00fcresi 7 i\u015f g\u00fcn\u00fcd\u00fcr.<\/li>\n<li>\u062c\u0627\u0647\u0632 \u0645\u0639 \u0628\u0627\u0643\u062c \u0644\u0644\u0634\u062d\u0646<\/li>\n<\/ul>","protected":false},"featured_media":13654,"comment_status":"open","ping_status":"closed","template":"","meta":[],"product_cat":[65],"product_tag":[],"class_list":["post-13653","product","type-product","status-publish","has-post-thumbnail","hentry","product_cat-65"],"_links":{"self":[{"href":"https:\/\/oxygen-turkey.com\/tr\/wp-json\/wp\/v2\/product\/13653","targetHints":{"allow":["GET"]}}],"collection":[{"href":"https:\/\/oxygen-turkey.com\/tr\/wp-json\/wp\/v2\/product"}],"about":[{"href":"https:\/\/oxygen-turkey.com\/tr\/wp-json\/wp\/v2\/types\/product"}],"replies":[{"embeddable":true,"href":"https:\/\/oxygen-turkey.com\/tr\/wp-json\/wp\/v2\/comments?post=13653"}],"wp:featuredmedia":[{"embeddable":true,"href":"https:\/\/oxygen-turkey.com\/tr\/wp-json\/wp\/v2\/media\/13654"}],"wp:attachment":[{"href":"https:\/\/oxygen-turkey.com\/tr\/wp-json\/wp\/v2\/media?parent=13653"}],"wp:term":[{"taxonomy":"product_cat","embeddable":true,"href":"https:\/\/oxygen-turkey.com\/tr\/wp-json\/wp\/v2\/product_cat?post=13653"},{"taxonomy":"product_tag","embeddable":true,"href":"https:\/\/oxygen-turkey.com\/tr\/wp-json\/wp\/v2\/product_tag?post=13653"}],"curies":[{"name":"wp","href":"https:\/\/api.w.org\/{rel}","templated":true}]}}