{"id":13607,"date":"2022-02-03T14:16:29","date_gmt":"2022-02-03T11:16:29","guid":{"rendered":"https:\/\/oxygen-turkey.com\/?post_type=product&#038;p=13607"},"modified":"2025-04-13T20:28:28","modified_gmt":"2025-04-13T17:28:28","slug":"id-%d8%a8%d9%84%d8%a7%d8%b3%d8%aa%d9%8a%d9%83%d9%8a-%d8%b9%d8%af%d8%af-100","status":"publish","type":"product","link":"https:\/\/oxygen-turkey.com\/tr\/product\/id-%d8%a8%d9%84%d8%a7%d8%b3%d8%aa%d9%8a%d9%83%d9%8a-%d8%b9%d8%af%d8%af-100\/","title":{"rendered":"ID \u0628\u0644\u0627\u0633\u062a\u064a\u0643\u064a \u0639\u062f\u062f 100\u00a0"},"content":{"rendered":"<ul>\n<li>ID \u0628\u0644\u0627\u0633\u062a\u064a\u0643\u064a \u0639\u062f\u062f 100<\/li>\n<li>Boyut 10*7 cm<\/li>\n<li>iki taraftan bas\u0131lm\u0131\u015f<\/li>\n<li>renkli bask\u0131<\/li>\n<li>\u0645\u062f\u0629 \u0627\u0644\u062a\u0646\u0641\u064a\u0630 2 \u064a\u0648\u0645 \u0639\u0645\u0644<\/li>\n<\/ul>","protected":false},"excerpt":{"rendered":"<ul>\n<li>ID \u0628\u0644\u0627\u0633\u062a\u064a\u0643\u064a \u0639\u062f\u062f 100<\/li>\n<li>Boyut 10*7 cm<\/li>\n<li>iki taraftan bas\u0131lm\u0131\u015f<\/li>\n<li>renkli bask\u0131<\/li>\n<li>\u0645\u062f\u0629 \u0627\u0644\u062a\u0646\u0641\u064a\u0630 2 \u064a\u0648\u0645 \u0639\u0645\u0644<\/li>\n<\/ul>","protected":false},"featured_media":13606,"comment_status":"open","ping_status":"closed","template":"","meta":[],"product_cat":[65],"product_tag":[],"class_list":["post-13607","product","type-product","status-publish","has-post-thumbnail","hentry","product_cat-65"],"_links":{"self":[{"href":"https:\/\/oxygen-turkey.com\/tr\/wp-json\/wp\/v2\/product\/13607","targetHints":{"allow":["GET"]}}],"collection":[{"href":"https:\/\/oxygen-turkey.com\/tr\/wp-json\/wp\/v2\/product"}],"about":[{"href":"https:\/\/oxygen-turkey.com\/tr\/wp-json\/wp\/v2\/types\/product"}],"replies":[{"embeddable":true,"href":"https:\/\/oxygen-turkey.com\/tr\/wp-json\/wp\/v2\/comments?post=13607"}],"wp:featuredmedia":[{"embeddable":true,"href":"https:\/\/oxygen-turkey.com\/tr\/wp-json\/wp\/v2\/media\/13606"}],"wp:attachment":[{"href":"https:\/\/oxygen-turkey.com\/tr\/wp-json\/wp\/v2\/media?parent=13607"}],"wp:term":[{"taxonomy":"product_cat","embeddable":true,"href":"https:\/\/oxygen-turkey.com\/tr\/wp-json\/wp\/v2\/product_cat?post=13607"},{"taxonomy":"product_tag","embeddable":true,"href":"https:\/\/oxygen-turkey.com\/tr\/wp-json\/wp\/v2\/product_tag?post=13607"}],"curies":[{"name":"wp","href":"https:\/\/api.w.org\/{rel}","templated":true}]}}