{"id":13586,"date":"2022-02-01T11:33:50","date_gmt":"2022-02-01T08:33:50","guid":{"rendered":"https:\/\/oxygen-turkey.com\/?post_type=product&#038;p=13586"},"modified":"2023-01-03T15:52:31","modified_gmt":"2023-01-03T12:52:31","slug":"%d9%83%d8%b1%d8%aa-%d8%a8%d9%84%d8%a7%d8%b3%d8%aa%d9%8a%d9%83-%d9%86%d8%a7%d9%81%d8%b1-%d8%b9%d8%af%d8%af-1000","status":"publish","type":"product","link":"https:\/\/oxygen-turkey.com\/tr\/product\/%d9%83%d8%b1%d8%aa-%d8%a8%d9%84%d8%a7%d8%b3%d8%aa%d9%8a%d9%83-%d9%86%d8%a7%d9%81%d8%b1-%d8%b9%d8%af%d8%af-1000\/","title":{"rendered":"\u0643\u0631\u062a \u0628\u0644\u0627\u0633\u062a\u064a\u0643 \u0646\u0627\u0641\u0631 \u0639\u062f\u062f 1000"},"content":{"rendered":"<ul>\n<li>Kabartmal\u0131 plastik kart, 1000 adet<\/li>\n<li>\u2013 86*54 mm<\/li>\n<li>iki taraftan bas\u0131lm\u0131\u015f<\/li>\n<li>- Renkli bask\u0131<\/li>\n<li>\u00a0Kabartmal\u0131<\/li>\n<li>\u2013 760 MIC<\/li>\n<li>Uygulama s\u00fcresi 5 i\u015f g\u00fcn\u00fcd\u00fcr.<\/li>\n<\/ul>","protected":false},"excerpt":{"rendered":"<ul>\n<li>Kabartmal\u0131 plastik kart, 1000 adet<\/li>\n<li>\u2013 86*54 mm<\/li>\n<li>iki taraftan bas\u0131lm\u0131\u015f<\/li>\n<li>- Renkli bask\u0131<\/li>\n<li>\u00a0Kabartmal\u0131<\/li>\n<li>\u2013 760 MIC<\/li>\n<li>Uygulama s\u00fcresi 5 i\u015f g\u00fcn\u00fcd\u00fcr.<\/li>\n<\/ul>","protected":false},"featured_media":13587,"comment_status":"open","ping_status":"closed","template":"","meta":[],"product_cat":[65],"product_tag":[],"class_list":["post-13586","product","type-product","status-publish","has-post-thumbnail","hentry","product_cat-65"],"_links":{"self":[{"href":"https:\/\/oxygen-turkey.com\/tr\/wp-json\/wp\/v2\/product\/13586","targetHints":{"allow":["GET"]}}],"collection":[{"href":"https:\/\/oxygen-turkey.com\/tr\/wp-json\/wp\/v2\/product"}],"about":[{"href":"https:\/\/oxygen-turkey.com\/tr\/wp-json\/wp\/v2\/types\/product"}],"replies":[{"embeddable":true,"href":"https:\/\/oxygen-turkey.com\/tr\/wp-json\/wp\/v2\/comments?post=13586"}],"wp:featuredmedia":[{"embeddable":true,"href":"https:\/\/oxygen-turkey.com\/tr\/wp-json\/wp\/v2\/media\/13587"}],"wp:attachment":[{"href":"https:\/\/oxygen-turkey.com\/tr\/wp-json\/wp\/v2\/media?parent=13586"}],"wp:term":[{"taxonomy":"product_cat","embeddable":true,"href":"https:\/\/oxygen-turkey.com\/tr\/wp-json\/wp\/v2\/product_cat?post=13586"},{"taxonomy":"product_tag","embeddable":true,"href":"https:\/\/oxygen-turkey.com\/tr\/wp-json\/wp\/v2\/product_tag?post=13586"}],"curies":[{"name":"wp","href":"https:\/\/api.w.org\/{rel}","templated":true}]}}