{"id":13427,"date":"2022-01-16T19:39:07","date_gmt":"2022-01-16T16:39:07","guid":{"rendered":"https:\/\/oxygen-turkey.com\/?post_type=product&#038;p=13427"},"modified":"2023-01-03T14:48:51","modified_gmt":"2023-01-03T11:48:51","slug":"%d9%81%d9%84%d9%83%d8%b3-%d9%85%d8%b7%d8%a8%d9%88%d8%b9-23-%d9%85%d8%aa%d8%b1","status":"publish","type":"product","link":"https:\/\/oxygen-turkey.com\/tr\/product\/%d9%81%d9%84%d9%83%d8%b3-%d9%85%d8%b7%d8%a8%d9%88%d8%b9-23-%d9%85%d8%aa%d8%b1\/","title":{"rendered":"branda bask\u0131l\u0131 2*3 metre"},"content":{"rendered":"<p>branda bask\u0131l\u0131 2*3 metre<br \/>\navrupa flekso<br \/>\nrenkli bask\u0131<br \/>\nPaketi g\u00f6nderilmeye haz\u0131r<br \/>\nUygulama s\u00fcresi \u00fc\u00e7 g\u00fcnd\u00fcr<\/p>","protected":false},"excerpt":{"rendered":"<p>branda bask\u0131l\u0131 2*3 metre<br \/>\navrupa flekso<br \/>\nrenkli bask\u0131<br \/>\nPaketi g\u00f6nderilmeye haz\u0131r<br \/>\nUygulama s\u00fcresi \u00fc\u00e7 g\u00fcnd\u00fcr<\/p>","protected":false},"featured_media":13425,"comment_status":"open","ping_status":"closed","template":"","meta":[],"product_cat":[65,70],"product_tag":[136,119,138],"class_list":["post-13427","product","type-product","status-publish","has-post-thumbnail","hentry","product_cat-65","product_cat-70","product_tag-136","product_tag-119","product_tag-138"],"_links":{"self":[{"href":"https:\/\/oxygen-turkey.com\/tr\/wp-json\/wp\/v2\/product\/13427","targetHints":{"allow":["GET"]}}],"collection":[{"href":"https:\/\/oxygen-turkey.com\/tr\/wp-json\/wp\/v2\/product"}],"about":[{"href":"https:\/\/oxygen-turkey.com\/tr\/wp-json\/wp\/v2\/types\/product"}],"replies":[{"embeddable":true,"href":"https:\/\/oxygen-turkey.com\/tr\/wp-json\/wp\/v2\/comments?post=13427"}],"wp:featuredmedia":[{"embeddable":true,"href":"https:\/\/oxygen-turkey.com\/tr\/wp-json\/wp\/v2\/media\/13425"}],"wp:attachment":[{"href":"https:\/\/oxygen-turkey.com\/tr\/wp-json\/wp\/v2\/media?parent=13427"}],"wp:term":[{"taxonomy":"product_cat","embeddable":true,"href":"https:\/\/oxygen-turkey.com\/tr\/wp-json\/wp\/v2\/product_cat?post=13427"},{"taxonomy":"product_tag","embeddable":true,"href":"https:\/\/oxygen-turkey.com\/tr\/wp-json\/wp\/v2\/product_tag?post=13427"}],"curies":[{"name":"wp","href":"https:\/\/api.w.org\/{rel}","templated":true}]}}