{"id":13424,"date":"2022-01-16T19:35:30","date_gmt":"2022-01-16T16:35:30","guid":{"rendered":"https:\/\/oxygen-turkey.com\/?post_type=product&#038;p=13424"},"modified":"2023-01-03T14:49:26","modified_gmt":"2023-01-03T11:49:26","slug":"%d9%81%d9%84%d9%83%d8%b3-%d9%85%d8%b7%d8%a8%d9%88%d8%b9-54-%d9%85%d8%aa%d8%b1","status":"publish","type":"product","link":"https:\/\/oxygen-turkey.com\/tr\/product\/%d9%81%d9%84%d9%83%d8%b3-%d9%85%d8%b7%d8%a8%d9%88%d8%b9-54-%d9%85%d8%aa%d8%b1\/","title":{"rendered":"branda bask\u0131l\u0131 5*4 metre"},"content":{"rendered":"<p>branda bask\u0131l\u0131 5*4 metre<br \/>\navrupa flekso<br \/>\nrenkli bask\u0131<br \/>\nPaketi g\u00f6nderilmeye haz\u0131r<br \/>\nUygulama s\u00fcresi \u00fc\u00e7 g\u00fcnd\u00fcr<\/p>","protected":false},"excerpt":{"rendered":"<p>branda bask\u0131l\u0131 5*4 metre<br \/>\navrupa flekso<br \/>\nrenkli bask\u0131<br \/>\nPaketi g\u00f6nderilmeye haz\u0131r<br \/>\nUygulama s\u00fcresi \u00fc\u00e7 g\u00fcnd\u00fcr<\/p>","protected":false},"featured_media":13426,"comment_status":"open","ping_status":"closed","template":"","meta":[],"product_cat":[65,70],"product_tag":[136,119,135,137],"class_list":["post-13424","product","type-product","status-publish","has-post-thumbnail","hentry","product_cat-65","product_cat-70","product_tag-136","product_tag-119","product_tag-135","product_tag-137"],"_links":{"self":[{"href":"https:\/\/oxygen-turkey.com\/tr\/wp-json\/wp\/v2\/product\/13424","targetHints":{"allow":["GET"]}}],"collection":[{"href":"https:\/\/oxygen-turkey.com\/tr\/wp-json\/wp\/v2\/product"}],"about":[{"href":"https:\/\/oxygen-turkey.com\/tr\/wp-json\/wp\/v2\/types\/product"}],"replies":[{"embeddable":true,"href":"https:\/\/oxygen-turkey.com\/tr\/wp-json\/wp\/v2\/comments?post=13424"}],"wp:featuredmedia":[{"embeddable":true,"href":"https:\/\/oxygen-turkey.com\/tr\/wp-json\/wp\/v2\/media\/13426"}],"wp:attachment":[{"href":"https:\/\/oxygen-turkey.com\/tr\/wp-json\/wp\/v2\/media?parent=13424"}],"wp:term":[{"taxonomy":"product_cat","embeddable":true,"href":"https:\/\/oxygen-turkey.com\/tr\/wp-json\/wp\/v2\/product_cat?post=13424"},{"taxonomy":"product_tag","embeddable":true,"href":"https:\/\/oxygen-turkey.com\/tr\/wp-json\/wp\/v2\/product_tag?post=13424"}],"curies":[{"name":"wp","href":"https:\/\/api.w.org\/{rel}","templated":true}]}}