{"id":13276,"date":"2022-01-13T11:43:41","date_gmt":"2022-01-13T08:43:41","guid":{"rendered":"https:\/\/oxygen-turkey.com\/?post_type=product&#038;p=13276"},"modified":"2023-01-03T15:02:22","modified_gmt":"2023-01-03T12:02:22","slug":"%d8%b7%d8%a8%d8%a7%d8%b9%d8%a9-%d9%83%d9%85%d8%a7%d9%85%d8%a9-%d8%b9%d8%af%d8%af-2000","status":"publish","type":"product","link":"https:\/\/oxygen-turkey.com\/tr\/product\/%d8%b7%d8%a8%d8%a7%d8%b9%d8%a9-%d9%83%d9%85%d8%a7%d9%85%d8%a9-%d8%b9%d8%af%d8%af-2000\/","title":{"rendered":"y\u00fcz maskesi bask\u0131 2000\nadet"},"content":{"rendered":"<p>y\u00fcz maskesi bask\u0131 2000\nadet<br \/>\nmaske kuma\u015ft\u0131r<br \/>\nfarkl\u0131 renkleri mevcuttur<br \/>\nrenkli bask\u0131<br \/>\ny\u00fcr\u00fctme s\u00fcreci 12 i\u015f g\u00fcn\u00fcd\u00fcr<br \/>\nPaketi g\u00f6nderilmeye haz\u0131r<\/p>\n<p>\u0627\u0644\u0633\u0639\u0631 \u0639\u0646\u062f \u0627\u0644\u0637\u0644\u0628<\/p>","protected":false},"excerpt":{"rendered":"<p>y\u00fcz maskesi bask\u0131 2000\nadet<br \/>\nmaske kuma\u015ft\u0131r<br \/>\nfarkl\u0131 renkleri mevcuttur<br \/>\nrenkli bask\u0131<br \/>\ny\u00fcr\u00fctme s\u00fcreci 12 i\u015f g\u00fcn\u00fcd\u00fcr<br \/>\nPaketi g\u00f6nderilmeye haz\u0131r<\/p>","protected":false},"featured_media":13272,"comment_status":"open","ping_status":"closed","template":"","meta":[],"product_cat":[65],"product_tag":[],"class_list":["post-13276","product","type-product","status-publish","has-post-thumbnail","hentry","product_cat-65"],"_links":{"self":[{"href":"https:\/\/oxygen-turkey.com\/tr\/wp-json\/wp\/v2\/product\/13276","targetHints":{"allow":["GET"]}}],"collection":[{"href":"https:\/\/oxygen-turkey.com\/tr\/wp-json\/wp\/v2\/product"}],"about":[{"href":"https:\/\/oxygen-turkey.com\/tr\/wp-json\/wp\/v2\/types\/product"}],"replies":[{"embeddable":true,"href":"https:\/\/oxygen-turkey.com\/tr\/wp-json\/wp\/v2\/comments?post=13276"}],"wp:featuredmedia":[{"embeddable":true,"href":"https:\/\/oxygen-turkey.com\/tr\/wp-json\/wp\/v2\/media\/13272"}],"wp:attachment":[{"href":"https:\/\/oxygen-turkey.com\/tr\/wp-json\/wp\/v2\/media?parent=13276"}],"wp:term":[{"taxonomy":"product_cat","embeddable":true,"href":"https:\/\/oxygen-turkey.com\/tr\/wp-json\/wp\/v2\/product_cat?post=13276"},{"taxonomy":"product_tag","embeddable":true,"href":"https:\/\/oxygen-turkey.com\/tr\/wp-json\/wp\/v2\/product_tag?post=13276"}],"curies":[{"name":"wp","href":"https:\/\/api.w.org\/{rel}","templated":true}]}}