{"id":13232,"date":"2022-01-12T13:57:13","date_gmt":"2022-01-12T10:57:13","guid":{"rendered":"https:\/\/oxygen-turkey.com\/?post_type=product&#038;p=13232"},"modified":"2023-01-03T15:04:07","modified_gmt":"2023-01-03T12:04:07","slug":"%d8%b3%d8%aa%d8%a7%d9%86%d8%af-%d9%84%d8%b9%d8%b1%d8%b6-%d8%a7%d9%84%d9%85%d9%86%d8%aa%d8%ac%d8%a7%d8%aa","status":"publish","type":"product","link":"https:\/\/oxygen-turkey.com\/tr\/product\/%d8%b3%d8%aa%d8%a7%d9%86%d8%af-%d9%84%d8%b9%d8%b1%d8%b6-%d8%a7%d9%84%d9%85%d9%86%d8%aa%d8%ac%d8%a7%d8%aa\/","title":{"rendered":"\u00fcr\u00fcnleri sergilemek i\u00e7in stand"},"content":{"rendered":"<p>her t\u00fcrl\u00fc stant uygulamas\u0131<br \/>\nKarton, plastik, metal ve ah\u015fap<br \/>\nher t\u00fcrl\u00fc \u00fcr\u00fcn i\u00e7in<br \/>\n\u00dcr\u00fcn\u00fcn\u00fcz\u00fc en iyi \u015fekilde sunmak<br \/>\nMinimum Miktar 100 adet<br \/>\nUygulama s\u00fcresi 10 i\u015f g\u00fcn\u00fcd\u00fcr.<\/p>\n<p>\u0627\u0644\u0633\u0639\u0631 \u0639\u0646\u062f \u0627\u0644\u0637\u0644\u0628<\/p>","protected":false},"excerpt":{"rendered":"<p>her t\u00fcrl\u00fc stant uygulamas\u0131<br \/>\nKarton, plastik, metal ve ah\u015fap<br \/>\nher t\u00fcrl\u00fc \u00fcr\u00fcn i\u00e7in<br \/>\n\u00dcr\u00fcn\u00fcn\u00fcz\u00fc en iyi \u015fekilde sunmak<br \/>\nMinimum Miktar 100 adet<br \/>\nUygulama s\u00fcresi 10 i\u015f g\u00fcn\u00fcd\u00fcr.<\/p>","protected":false},"featured_media":13230,"comment_status":"open","ping_status":"closed","template":"","meta":[],"product_cat":[70],"product_tag":[129],"class_list":["post-13232","product","type-product","status-publish","has-post-thumbnail","hentry","product_cat-70","product_tag-129"],"_links":{"self":[{"href":"https:\/\/oxygen-turkey.com\/tr\/wp-json\/wp\/v2\/product\/13232","targetHints":{"allow":["GET"]}}],"collection":[{"href":"https:\/\/oxygen-turkey.com\/tr\/wp-json\/wp\/v2\/product"}],"about":[{"href":"https:\/\/oxygen-turkey.com\/tr\/wp-json\/wp\/v2\/types\/product"}],"replies":[{"embeddable":true,"href":"https:\/\/oxygen-turkey.com\/tr\/wp-json\/wp\/v2\/comments?post=13232"}],"wp:featuredmedia":[{"embeddable":true,"href":"https:\/\/oxygen-turkey.com\/tr\/wp-json\/wp\/v2\/media\/13230"}],"wp:attachment":[{"href":"https:\/\/oxygen-turkey.com\/tr\/wp-json\/wp\/v2\/media?parent=13232"}],"wp:term":[{"taxonomy":"product_cat","embeddable":true,"href":"https:\/\/oxygen-turkey.com\/tr\/wp-json\/wp\/v2\/product_cat?post=13232"},{"taxonomy":"product_tag","embeddable":true,"href":"https:\/\/oxygen-turkey.com\/tr\/wp-json\/wp\/v2\/product_tag?post=13232"}],"curies":[{"name":"wp","href":"https:\/\/api.w.org\/{rel}","templated":true}]}}