{"id":13225,"date":"2022-01-12T13:55:34","date_gmt":"2022-01-12T10:55:34","guid":{"rendered":"https:\/\/oxygen-turkey.com\/?post_type=product&#038;p=13225"},"modified":"2023-01-03T15:04:51","modified_gmt":"2023-01-03T12:04:51","slug":"%d8%b3%d8%aa%d8%a7%d9%86%d8%af-%d9%83%d8%b1%d8%aa%d9%88%d9%86-%d8%b5%d8%ba%d9%8a%d8%b1","status":"publish","type":"product","link":"https:\/\/oxygen-turkey.com\/tr\/product\/%d8%b3%d8%aa%d8%a7%d9%86%d8%af-%d9%83%d8%b1%d8%aa%d9%88%d9%86-%d8%b5%d8%ba%d9%8a%d8%b1\/","title":{"rendered":"k\u00fc\u00e7\u00fck karton stand"},"content":{"rendered":"<ul>\n<li>her t\u00fcrl\u00fc stant uygulamas\u0131<\/li>\n<li>karton, plastik, metal<\/li>\n<li>her t\u00fcrl\u00fc \u00fcr\u00fcn i\u00e7in<\/li>\n<li>\u00dcr\u00fcn\u00fcn\u00fcz\u00fc en iyi \u015fekilde sunmak<\/li>\n<li>Minimum Miktar 1000 adet<\/li>\n<li>Uygulama s\u00fcresi 10 i\u015f g\u00fcn\u00fcd\u00fcr.<\/li>\n<\/ul>","protected":false},"excerpt":{"rendered":"<ul>\n<li>her t\u00fcrl\u00fc stant uygulamas\u0131<\/li>\n<li>karton, plastik, metal<\/li>\n<li>her t\u00fcrl\u00fc \u00fcr\u00fcn i\u00e7in<\/li>\n<li>\u00dcr\u00fcn\u00fcn\u00fcz\u00fc en iyi \u015fekilde sunmak<\/li>\n<li>Minimum Miktar 1000 adet<\/li>\n<li>Uygulama s\u00fcresi 10 i\u015f g\u00fcn\u00fcd\u00fcr.<\/li>\n<\/ul>","protected":false},"featured_media":13231,"comment_status":"open","ping_status":"closed","template":"","meta":[],"product_cat":[70],"product_tag":[129],"class_list":["post-13225","product","type-product","status-publish","has-post-thumbnail","hentry","product_cat-70","product_tag-129"],"_links":{"self":[{"href":"https:\/\/oxygen-turkey.com\/tr\/wp-json\/wp\/v2\/product\/13225","targetHints":{"allow":["GET"]}}],"collection":[{"href":"https:\/\/oxygen-turkey.com\/tr\/wp-json\/wp\/v2\/product"}],"about":[{"href":"https:\/\/oxygen-turkey.com\/tr\/wp-json\/wp\/v2\/types\/product"}],"replies":[{"embeddable":true,"href":"https:\/\/oxygen-turkey.com\/tr\/wp-json\/wp\/v2\/comments?post=13225"}],"wp:featuredmedia":[{"embeddable":true,"href":"https:\/\/oxygen-turkey.com\/tr\/wp-json\/wp\/v2\/media\/13231"}],"wp:attachment":[{"href":"https:\/\/oxygen-turkey.com\/tr\/wp-json\/wp\/v2\/media?parent=13225"}],"wp:term":[{"taxonomy":"product_cat","embeddable":true,"href":"https:\/\/oxygen-turkey.com\/tr\/wp-json\/wp\/v2\/product_cat?post=13225"},{"taxonomy":"product_tag","embeddable":true,"href":"https:\/\/oxygen-turkey.com\/tr\/wp-json\/wp\/v2\/product_tag?post=13225"}],"curies":[{"name":"wp","href":"https:\/\/api.w.org\/{rel}","templated":true}]}}