{"id":13112,"date":"2022-01-10T16:58:41","date_gmt":"2022-01-10T13:58:41","guid":{"rendered":"https:\/\/oxygen-turkey.com\/?post_type=product&#038;p=13112"},"modified":"2023-01-03T15:09:15","modified_gmt":"2023-01-03T12:09:15","slug":"%d9%81%d9%88%d9%84%d8%af%d8%b1-a4-%d8%b7%d8%a8%d8%a7%d8%b9%d8%a9-%d9%86%d8%a7%d9%81%d8%b1%d8%a9","status":"publish","type":"product","link":"https:\/\/oxygen-turkey.com\/tr\/product\/%d9%81%d9%88%d9%84%d8%af%d8%b1-a4-%d8%b7%d8%a8%d8%a7%d8%b9%d8%a9-%d9%86%d8%a7%d9%81%d8%b1%d8%a9\/","title":{"rendered":"\u0641\u0648\u0644\u062f\u0631 A4 \u0637\u0628\u0627\u0639\u0629 \u0646\u0627\u0641\u0631\u0629 \u0639\u062f\u062f 1000"},"content":{"rendered":"<p>Boyut 310*225 mm<br \/>\nrenkli bask\u0131<br \/>\n1000 adet<br \/>\nKa\u011f\u0131t kal\u0131nl\u0131\u011f\u0131 350 g<br \/>\ntek y\u00fcz bask\u0131<br \/>\nkabartmal\u0131 logo<br \/>\nMat veya parlak selefon<\/p>\n<p>y\u00fcr\u00fctme s\u00fcreci 7 i\u015f g\u00fcn\u00fcd\u00fcr<br \/>\nPaketleme ile g\u00f6nderilmeye haz\u0131r<\/p>","protected":false},"excerpt":{"rendered":"<p>Boyut 310*225 mm<br \/>\nrenkli bask\u0131<br \/>\n1000 adet<br \/>\nKa\u011f\u0131t kal\u0131nl\u0131\u011f\u0131 350 g<br \/>\ntek y\u00fcz bask\u0131<br \/>\nkabartmal\u0131 logo<br \/>\ny\u00fcr\u00fctme s\u00fcreci 7 i\u015f g\u00fcn\u00fcd\u00fcr<br \/>\nMat veya parlak selefon<br \/>\nPaketleme ile g\u00f6nderilmeye haz\u0131r<\/p>","protected":false},"featured_media":12894,"comment_status":"open","ping_status":"closed","template":"","meta":[],"product_cat":[65],"product_tag":[],"class_list":["post-13112","product","type-product","status-publish","has-post-thumbnail","hentry","product_cat-65"],"_links":{"self":[{"href":"https:\/\/oxygen-turkey.com\/tr\/wp-json\/wp\/v2\/product\/13112","targetHints":{"allow":["GET"]}}],"collection":[{"href":"https:\/\/oxygen-turkey.com\/tr\/wp-json\/wp\/v2\/product"}],"about":[{"href":"https:\/\/oxygen-turkey.com\/tr\/wp-json\/wp\/v2\/types\/product"}],"replies":[{"embeddable":true,"href":"https:\/\/oxygen-turkey.com\/tr\/wp-json\/wp\/v2\/comments?post=13112"}],"wp:featuredmedia":[{"embeddable":true,"href":"https:\/\/oxygen-turkey.com\/tr\/wp-json\/wp\/v2\/media\/12894"}],"wp:attachment":[{"href":"https:\/\/oxygen-turkey.com\/tr\/wp-json\/wp\/v2\/media?parent=13112"}],"wp:term":[{"taxonomy":"product_cat","embeddable":true,"href":"https:\/\/oxygen-turkey.com\/tr\/wp-json\/wp\/v2\/product_cat?post=13112"},{"taxonomy":"product_tag","embeddable":true,"href":"https:\/\/oxygen-turkey.com\/tr\/wp-json\/wp\/v2\/product_tag?post=13112"}],"curies":[{"name":"wp","href":"https:\/\/api.w.org\/{rel}","templated":true}]}}