{"id":12937,"date":"2022-01-06T14:30:51","date_gmt":"2022-01-06T11:30:51","guid":{"rendered":"https:\/\/oxygen-turkey.com\/?post_type=product&#038;p=12937"},"modified":"2023-01-03T16:01:51","modified_gmt":"2023-01-03T13:01:51","slug":"%d9%84%d9%88%d8%ad%d8%a7%d8%aa-8","status":"publish","type":"product","link":"https:\/\/oxygen-turkey.com\/tr\/product\/%d9%84%d9%88%d8%ad%d8%a7%d8%aa-8\/","title":{"rendered":"Yol reklam panosu"},"content":{"rendered":"<p>Yol reklam panosu<br \/>\nBoyut 180*100 cm<br \/>\nHer t\u00fcrl\u00fc d\u0131\u015f etkene kar\u015f\u0131 y\u00fcksek teknoloji ile donat\u0131lm\u0131\u015f<br \/>\nsu ge\u00e7irmez<br \/>\nkaliteli led kullan\u0131lm\u0131\u015ft\u0131r<\/p>\n<p>\u0627\u0644\u0633\u0639\u0631 \u0639\u0646\u062f \u0627\u0644\u0637\u0644\u0628<\/p>","protected":false},"excerpt":{"rendered":"<p>Yol reklam panosu<br \/>\nBoyut 180*100 cm<br \/>\nHer t\u00fcrl\u00fc d\u0131\u015f etkene kar\u015f\u0131 y\u00fcksek teknoloji ile donat\u0131lm\u0131\u015f<br \/>\nsu ge\u00e7irmez<br \/>\nkaliteli led kullan\u0131lm\u0131\u015ft\u0131r<\/p>\n<p>t\u00fcm \u015fekiller ve boyutlar yerine getirilebilir<\/p>","protected":false},"featured_media":12938,"comment_status":"open","ping_status":"closed","template":"","meta":[],"product_cat":[70],"product_tag":[],"class_list":["post-12937","product","type-product","status-publish","has-post-thumbnail","hentry","product_cat-70"],"_links":{"self":[{"href":"https:\/\/oxygen-turkey.com\/tr\/wp-json\/wp\/v2\/product\/12937","targetHints":{"allow":["GET"]}}],"collection":[{"href":"https:\/\/oxygen-turkey.com\/tr\/wp-json\/wp\/v2\/product"}],"about":[{"href":"https:\/\/oxygen-turkey.com\/tr\/wp-json\/wp\/v2\/types\/product"}],"replies":[{"embeddable":true,"href":"https:\/\/oxygen-turkey.com\/tr\/wp-json\/wp\/v2\/comments?post=12937"}],"wp:featuredmedia":[{"embeddable":true,"href":"https:\/\/oxygen-turkey.com\/tr\/wp-json\/wp\/v2\/media\/12938"}],"wp:attachment":[{"href":"https:\/\/oxygen-turkey.com\/tr\/wp-json\/wp\/v2\/media?parent=12937"}],"wp:term":[{"taxonomy":"product_cat","embeddable":true,"href":"https:\/\/oxygen-turkey.com\/tr\/wp-json\/wp\/v2\/product_cat?post=12937"},{"taxonomy":"product_tag","embeddable":true,"href":"https:\/\/oxygen-turkey.com\/tr\/wp-json\/wp\/v2\/product_tag?post=12937"}],"curies":[{"name":"wp","href":"https:\/\/api.w.org\/{rel}","templated":true}]}}