{"id":12930,"date":"2022-01-06T14:27:40","date_gmt":"2022-01-06T11:27:40","guid":{"rendered":"https:\/\/oxygen-turkey.com\/?post_type=product&#038;p=12930"},"modified":"2023-01-03T16:02:15","modified_gmt":"2023-01-03T13:02:15","slug":"%d9%84%d9%88%d8%ad%d8%a7%d8%aa-6","status":"publish","type":"product","link":"https:\/\/oxygen-turkey.com\/tr\/product\/%d9%84%d9%88%d8%ad%d8%a7%d8%aa-6\/","title":{"rendered":"ismlik tabela"},"content":{"rendered":"<p>ismlik tabela<br \/>\n\u015feffaf pleksi kurulu<br \/>\nbask\u0131 logo folyo<br \/>\n60*100 cm Ebat<\/p>\n<p>\u0131\u015f\u0131kl\u0131 logosu<br \/>\nt\u00fcm \u015fekiller yerine getirilebilir<\/p>","protected":false},"excerpt":{"rendered":"<p>ismlik tabela<br \/>\n\u015feffaf pleksi kurulu<br \/>\nbask\u0131 logo folyo<br \/>\n60*100 cm Ebat<\/p>\n<p>\u0131\u015f\u0131kl\u0131 logosu<br \/>\nt\u00fcm \u015fekiller yerine getirilebilir<\/p>","protected":false},"featured_media":12931,"comment_status":"open","ping_status":"closed","template":"","meta":[],"product_cat":[70],"product_tag":[],"class_list":["post-12930","product","type-product","status-publish","has-post-thumbnail","hentry","product_cat-70"],"_links":{"self":[{"href":"https:\/\/oxygen-turkey.com\/tr\/wp-json\/wp\/v2\/product\/12930","targetHints":{"allow":["GET"]}}],"collection":[{"href":"https:\/\/oxygen-turkey.com\/tr\/wp-json\/wp\/v2\/product"}],"about":[{"href":"https:\/\/oxygen-turkey.com\/tr\/wp-json\/wp\/v2\/types\/product"}],"replies":[{"embeddable":true,"href":"https:\/\/oxygen-turkey.com\/tr\/wp-json\/wp\/v2\/comments?post=12930"}],"wp:featuredmedia":[{"embeddable":true,"href":"https:\/\/oxygen-turkey.com\/tr\/wp-json\/wp\/v2\/media\/12931"}],"wp:attachment":[{"href":"https:\/\/oxygen-turkey.com\/tr\/wp-json\/wp\/v2\/media?parent=12930"}],"wp:term":[{"taxonomy":"product_cat","embeddable":true,"href":"https:\/\/oxygen-turkey.com\/tr\/wp-json\/wp\/v2\/product_cat?post=12930"},{"taxonomy":"product_tag","embeddable":true,"href":"https:\/\/oxygen-turkey.com\/tr\/wp-json\/wp\/v2\/product_tag?post=12930"}],"curies":[{"name":"wp","href":"https:\/\/api.w.org\/{rel}","templated":true}]}}