{"id":12923,"date":"2022-01-06T14:23:38","date_gmt":"2022-01-06T11:23:38","guid":{"rendered":"https:\/\/oxygen-turkey.com\/?post_type=product&#038;p=12923"},"modified":"2023-01-03T14:13:47","modified_gmt":"2023-01-03T11:13:47","slug":"%d9%84%d9%88%d8%ad%d8%a7%d8%aa-3","status":"publish","type":"product","link":"https:\/\/oxygen-turkey.com\/tr\/product\/%d9%84%d9%88%d8%ad%d8%a7%d8%aa-3\/","title":{"rendered":"I\u015f\u0131kl\u0131 tabela 50 cm"},"content":{"rendered":"<p>\u0131\u015f\u0131kl\u0131 tabela<br \/>\nboyut 50*50 cm<br \/>\nher iki tarafa da bas\u0131lm\u0131\u015f<br \/>\nAsmak i\u00e7in bir yan taban ile donat\u0131lm\u0131\u015ft\u0131r<br \/>\nMetal ve pleksiden yap\u0131lm\u0131\u015ft\u0131r<\/p>","protected":false},"excerpt":{"rendered":"<p>\u0131\u015f\u0131kl\u0131 tabela<br \/>\nboyut 50*50 cm<br \/>\nher iki tarafa da bas\u0131lm\u0131\u015f<br \/>\nAsmak i\u00e7in bir yan taban ile donat\u0131lm\u0131\u015ft\u0131r<br \/>\nMetal ve pleksiden yap\u0131lm\u0131\u015ft\u0131r<\/p>","protected":false},"featured_media":12924,"comment_status":"open","ping_status":"closed","template":"","meta":[],"product_cat":[70],"product_tag":[],"class_list":["post-12923","product","type-product","status-publish","has-post-thumbnail","hentry","product_cat-70"],"_links":{"self":[{"href":"https:\/\/oxygen-turkey.com\/tr\/wp-json\/wp\/v2\/product\/12923","targetHints":{"allow":["GET"]}}],"collection":[{"href":"https:\/\/oxygen-turkey.com\/tr\/wp-json\/wp\/v2\/product"}],"about":[{"href":"https:\/\/oxygen-turkey.com\/tr\/wp-json\/wp\/v2\/types\/product"}],"replies":[{"embeddable":true,"href":"https:\/\/oxygen-turkey.com\/tr\/wp-json\/wp\/v2\/comments?post=12923"}],"wp:featuredmedia":[{"embeddable":true,"href":"https:\/\/oxygen-turkey.com\/tr\/wp-json\/wp\/v2\/media\/12924"}],"wp:attachment":[{"href":"https:\/\/oxygen-turkey.com\/tr\/wp-json\/wp\/v2\/media?parent=12923"}],"wp:term":[{"taxonomy":"product_cat","embeddable":true,"href":"https:\/\/oxygen-turkey.com\/tr\/wp-json\/wp\/v2\/product_cat?post=12923"},{"taxonomy":"product_tag","embeddable":true,"href":"https:\/\/oxygen-turkey.com\/tr\/wp-json\/wp\/v2\/product_tag?post=12923"}],"curies":[{"name":"wp","href":"https:\/\/api.w.org\/{rel}","templated":true}]}}