{"id":12922,"date":"2022-01-06T14:22:21","date_gmt":"2022-01-06T11:22:21","guid":{"rendered":"https:\/\/oxygen-turkey.com\/?post_type=product&#038;p=12922"},"modified":"2023-01-03T14:15:29","modified_gmt":"2023-01-03T11:15:29","slug":"%d9%84%d9%88%d8%ad%d8%a7%d8%aa-2","status":"publish","type":"product","link":"https:\/\/oxygen-turkey.com\/tr\/product\/%d9%84%d9%88%d8%ad%d8%a7%d8%aa-2\/","title":{"rendered":"Bir tarafta yanan tabela"},"content":{"rendered":"<p>\u0131\u015f\u0131kl\u0131 tabela<br \/>\nboyut 50*50 cm<br \/>\nKendi tasar\u0131m\u0131n\u0131zla bas\u0131lm\u0131\u015ft\u0131r<br \/>\ny\u00fcksek kaliteli led \u0131\u015f\u0131k<br \/>\nDuvara kolayca as\u0131l\u0131r<br \/>\nt\u00fcm \u015fekiller ve boyutlar y\u00fcr\u00fct\u00fclebilir<\/p>","protected":false},"excerpt":{"rendered":"<p>\u0131\u015f\u0131kl\u0131 tabela<br \/>\nboyut 50*50 cm<br \/>\nKendi tasar\u0131m\u0131n\u0131zla bas\u0131lm\u0131\u015ft\u0131r<br \/>\ny\u00fcksek kaliteli led \u0131\u015f\u0131k<br \/>\nDuvara kolayca as\u0131l\u0131r<br \/>\nt\u00fcm \u015fekiller ve boyutlar y\u00fcr\u00fct\u00fclebilir<\/p>","protected":false},"featured_media":12914,"comment_status":"open","ping_status":"closed","template":"","meta":[],"product_cat":[70],"product_tag":[],"class_list":["post-12922","product","type-product","status-publish","has-post-thumbnail","hentry","product_cat-70"],"_links":{"self":[{"href":"https:\/\/oxygen-turkey.com\/tr\/wp-json\/wp\/v2\/product\/12922","targetHints":{"allow":["GET"]}}],"collection":[{"href":"https:\/\/oxygen-turkey.com\/tr\/wp-json\/wp\/v2\/product"}],"about":[{"href":"https:\/\/oxygen-turkey.com\/tr\/wp-json\/wp\/v2\/types\/product"}],"replies":[{"embeddable":true,"href":"https:\/\/oxygen-turkey.com\/tr\/wp-json\/wp\/v2\/comments?post=12922"}],"wp:featuredmedia":[{"embeddable":true,"href":"https:\/\/oxygen-turkey.com\/tr\/wp-json\/wp\/v2\/media\/12914"}],"wp:attachment":[{"href":"https:\/\/oxygen-turkey.com\/tr\/wp-json\/wp\/v2\/media?parent=12922"}],"wp:term":[{"taxonomy":"product_cat","embeddable":true,"href":"https:\/\/oxygen-turkey.com\/tr\/wp-json\/wp\/v2\/product_cat?post=12922"},{"taxonomy":"product_tag","embeddable":true,"href":"https:\/\/oxygen-turkey.com\/tr\/wp-json\/wp\/v2\/product_tag?post=12922"}],"curies":[{"name":"wp","href":"https:\/\/api.w.org\/{rel}","templated":true}]}}