{"id":12906,"date":"2022-01-06T13:32:47","date_gmt":"2022-01-06T10:32:47","guid":{"rendered":"https:\/\/oxygen-turkey.com\/?post_type=product&#038;p=12906"},"modified":"2023-01-03T15:57:28","modified_gmt":"2023-01-03T12:57:28","slug":"%d9%83%d8%b1%d8%aa-%d9%81%d9%8a%d8%b2%d9%8a%d8%aa","status":"publish","type":"product","link":"https:\/\/oxygen-turkey.com\/tr\/product\/%d9%83%d8%b1%d8%aa-%d9%81%d9%8a%d8%b2%d9%8a%d8%aa\/","title":{"rendered":"kartvizit 700 gr Kabartma Lakl\u0131 oval kesim"},"content":{"rendered":"<p>&nbsp;<\/p>\n<p>\u00d6l\u00e7\u00fc 86*54 mm<br \/>\nrenkli bask\u0131<br \/>\n1000 adet<br \/>\nKa\u011f\u0131t kal\u0131nl\u0131\u011f\u0131 700 g<br \/>\n\u00e7ift \u200b\u200btarafl\u0131 bask\u0131<br \/>\nKabartma Lakl\u0131<br \/>\nPaketleme ile g\u00f6nderilmeye haz\u0131r<\/p>","protected":false},"excerpt":{"rendered":"<p>\u00d6l\u00e7\u00fc 86*54 mm<br \/>\nrenkli bask\u0131<br \/>\n1000 adet<br \/>\nKa\u011f\u0131t kal\u0131nl\u0131\u011f\u0131 700 g<br \/>\n\u00e7ift \u200b\u200btarafl\u0131 bask\u0131<br \/>\nKabartma Lakl\u0131<br \/>\nPaketleme ile g\u00f6nderilmeye haz\u0131r<\/p>","protected":false},"featured_media":12905,"comment_status":"open","ping_status":"closed","template":"","meta":[],"product_cat":[65],"product_tag":[],"class_list":["post-12906","product","type-product","status-publish","has-post-thumbnail","hentry","product_cat-65"],"_links":{"self":[{"href":"https:\/\/oxygen-turkey.com\/tr\/wp-json\/wp\/v2\/product\/12906","targetHints":{"allow":["GET"]}}],"collection":[{"href":"https:\/\/oxygen-turkey.com\/tr\/wp-json\/wp\/v2\/product"}],"about":[{"href":"https:\/\/oxygen-turkey.com\/tr\/wp-json\/wp\/v2\/types\/product"}],"replies":[{"embeddable":true,"href":"https:\/\/oxygen-turkey.com\/tr\/wp-json\/wp\/v2\/comments?post=12906"}],"wp:featuredmedia":[{"embeddable":true,"href":"https:\/\/oxygen-turkey.com\/tr\/wp-json\/wp\/v2\/media\/12905"}],"wp:attachment":[{"href":"https:\/\/oxygen-turkey.com\/tr\/wp-json\/wp\/v2\/media?parent=12906"}],"wp:term":[{"taxonomy":"product_cat","embeddable":true,"href":"https:\/\/oxygen-turkey.com\/tr\/wp-json\/wp\/v2\/product_cat?post=12906"},{"taxonomy":"product_tag","embeddable":true,"href":"https:\/\/oxygen-turkey.com\/tr\/wp-json\/wp\/v2\/product_tag?post=12906"}],"curies":[{"name":"wp","href":"https:\/\/api.w.org\/{rel}","templated":true}]}}