{"id":12882,"date":"2022-01-06T13:27:14","date_gmt":"2022-01-06T10:27:14","guid":{"rendered":"https:\/\/oxygen-turkey.com\/?post_type=product&#038;p=12882"},"modified":"2023-01-03T16:00:41","modified_gmt":"2023-01-03T13:00:41","slug":"%d9%83%d9%8a%d8%b3-%d9%83%d8%b1%d8%aa%d9%88%d9%86","status":"publish","type":"product","link":"https:\/\/oxygen-turkey.com\/tr\/product\/%d9%83%d9%8a%d8%b3-%d9%83%d8%b1%d8%aa%d9%88%d9%86\/","title":{"rendered":"\u0643\u064a\u0633 \u0643\u0631\u062a\u0648\u0646 25x8x39 \u0633\u0645 1000 \u0639\u062f\u062f"},"content":{"rendered":"<p>karton \u00e7anta<br \/>\nMat veya parlak selefon ile<br \/>\n\u0645\u0642\u0627\u0633 25x8x39 \u0633\u0645<br \/>\n210 g Amerikan Bristol\n karton<br \/>\nBask\u0131 kartonunun fiyat\u0131na \u00e7anta dahildir<br \/>\nKarton po\u015fet \u00fcretim s\u00fcresi 10 g\u00fcn<br \/>\n1000 adet<br \/>\nPaketi g\u00f6nderilmeye haz\u0131r<\/p>","protected":false},"excerpt":{"rendered":"<p>karton \u00e7anta<br \/>\nMat veya parlak selefon ile<br \/>\nBoyut 25 x 8 x 36 cm<br \/>\n210 g Amerikan Bristol\n karton<br \/>\nBask\u0131 kartonunun fiyat\u0131na \u00e7anta dahildir<br \/>\nKarton po\u015fet \u00fcretim s\u00fcresi 10 g\u00fcn<br \/>\n1000 adet<br \/>\nPaketi g\u00f6nderilmeye haz\u0131r<\/p>","protected":false},"featured_media":12883,"comment_status":"open","ping_status":"closed","template":"","meta":[],"product_cat":[65],"product_tag":[],"class_list":["post-12882","product","type-product","status-publish","has-post-thumbnail","hentry","product_cat-65"],"_links":{"self":[{"href":"https:\/\/oxygen-turkey.com\/tr\/wp-json\/wp\/v2\/product\/12882","targetHints":{"allow":["GET"]}}],"collection":[{"href":"https:\/\/oxygen-turkey.com\/tr\/wp-json\/wp\/v2\/product"}],"about":[{"href":"https:\/\/oxygen-turkey.com\/tr\/wp-json\/wp\/v2\/types\/product"}],"replies":[{"embeddable":true,"href":"https:\/\/oxygen-turkey.com\/tr\/wp-json\/wp\/v2\/comments?post=12882"}],"wp:featuredmedia":[{"embeddable":true,"href":"https:\/\/oxygen-turkey.com\/tr\/wp-json\/wp\/v2\/media\/12883"}],"wp:attachment":[{"href":"https:\/\/oxygen-turkey.com\/tr\/wp-json\/wp\/v2\/media?parent=12882"}],"wp:term":[{"taxonomy":"product_cat","embeddable":true,"href":"https:\/\/oxygen-turkey.com\/tr\/wp-json\/wp\/v2\/product_cat?post=12882"},{"taxonomy":"product_tag","embeddable":true,"href":"https:\/\/oxygen-turkey.com\/tr\/wp-json\/wp\/v2\/product_tag?post=12882"}],"curies":[{"name":"wp","href":"https:\/\/api.w.org\/{rel}","templated":true}]}}