{"id":12879,"date":"2022-01-06T13:22:22","date_gmt":"2022-01-06T10:22:22","guid":{"rendered":"https:\/\/oxygen-turkey.com\/?post_type=product&#038;p=12879"},"modified":"2023-01-03T14:41:13","modified_gmt":"2023-01-03T11:41:13","slug":"%d8%a7%d8%b9%d9%84%d8%a7%d9%85","status":"publish","type":"product","link":"https:\/\/oxygen-turkey.com\/tr\/product\/%d8%a7%d8%b9%d9%84%d8%a7%d9%85\/","title":{"rendered":"reklam bayra\u011f\u0131\n2 metre"},"content":{"rendered":"<p>reklam bayra\u011f\u0131<br \/>\n2 metre uzunlu\u011funda<br \/>\ngeni\u015flik 60 cm<br \/>\nPlastik taban ile birlikte verilir<br \/>\n\u0130stedi\u011finiz tasar\u0131mda hepsi bir arada bask\u0131<br \/>\nBayrak \u00fcretim s\u00fcresi 5 i\u015f g\u00fcn\u00fcd\u00fcr.<br \/>\n1 adet<br \/>\nPaketi g\u00f6nderilmeye haz\u0131r<\/p>","protected":false},"excerpt":{"rendered":"<p>reklam bayra\u011f\u0131<br \/>\n2 metre uzunlu\u011funda<br \/>\ngeni\u015flik 60 cm<br \/>\nPlastik taban ile birlikte verilir<br \/>\n\u0130stedi\u011finiz tasar\u0131mda hepsi bir arada bask\u0131<br \/>\nBayrak \u00fcretim s\u00fcresi 5 i\u015f g\u00fcn\u00fcd\u00fcr.<br \/>\n1 adet<br \/>\nPaketi g\u00f6nderilmeye haz\u0131r<\/p>","protected":false},"featured_media":12880,"comment_status":"open","ping_status":"closed","template":"","meta":[],"product_cat":[65,70],"product_tag":[],"class_list":["post-12879","product","type-product","status-publish","has-post-thumbnail","hentry","product_cat-65","product_cat-70"],"_links":{"self":[{"href":"https:\/\/oxygen-turkey.com\/tr\/wp-json\/wp\/v2\/product\/12879","targetHints":{"allow":["GET"]}}],"collection":[{"href":"https:\/\/oxygen-turkey.com\/tr\/wp-json\/wp\/v2\/product"}],"about":[{"href":"https:\/\/oxygen-turkey.com\/tr\/wp-json\/wp\/v2\/types\/product"}],"replies":[{"embeddable":true,"href":"https:\/\/oxygen-turkey.com\/tr\/wp-json\/wp\/v2\/comments?post=12879"}],"wp:featuredmedia":[{"embeddable":true,"href":"https:\/\/oxygen-turkey.com\/tr\/wp-json\/wp\/v2\/media\/12880"}],"wp:attachment":[{"href":"https:\/\/oxygen-turkey.com\/tr\/wp-json\/wp\/v2\/media?parent=12879"}],"wp:term":[{"taxonomy":"product_cat","embeddable":true,"href":"https:\/\/oxygen-turkey.com\/tr\/wp-json\/wp\/v2\/product_cat?post=12879"},{"taxonomy":"product_tag","embeddable":true,"href":"https:\/\/oxygen-turkey.com\/tr\/wp-json\/wp\/v2\/product_tag?post=12879"}],"curies":[{"name":"wp","href":"https:\/\/api.w.org\/{rel}","templated":true}]}}