{"id":12875,"date":"2022-09-27T02:23:56","date_gmt":"2022-09-26T23:23:56","guid":{"rendered":"https:\/\/oxygen-turkey.com\/?post_type=product&#038;p=12875"},"modified":"2023-01-03T12:31:14","modified_gmt":"2023-01-03T09:31:14","slug":"%d8%a7%d9%82%d9%84%d8%a7%d9%85","status":"publish","type":"product","link":"https:\/\/oxygen-turkey.com\/tr\/product\/%d8%a7%d9%82%d9%84%d8%a7%d9%85\/","title":{"rendered":"1000 adet bask\u0131l\u0131 plastik kalem"},"content":{"rendered":"<p>plastik kalemler<br \/>\nrenkli bask\u0131<br \/>\nkaliteli kalemler<br \/>\nBask\u0131 boyutu 4*2 cm'dir.<br \/>\nTasar\u0131m fiyatlar\u0131 dahil<br \/>\nKalemlerin \u00fcretim s\u00fcresi 5 i\u015f g\u00fcn\u00fcd\u00fcr.<br \/>\n1000 adet<br \/>\nPaketi g\u00f6nderilmeye haz\u0131r<\/p>","protected":false},"excerpt":{"rendered":"<p>plastik kalemler<br \/>\nrenkli bask\u0131<br \/>\nkaliteli kalemler<br \/>\nBask\u0131 boyutu 4*2 cm'dir.<br \/>\nTasar\u0131m fiyatlar\u0131 dahil<br \/>\nKalemlerin \u00fcretim s\u00fcresi 5 i\u015f g\u00fcn\u00fcd\u00fcr.<br \/>\n1000 adet<br \/>\nPaketi g\u00f6nderilmeye haz\u0131r<\/p>","protected":false},"featured_media":12876,"comment_status":"open","ping_status":"closed","template":"","meta":[],"product_cat":[65],"product_tag":[],"class_list":["post-12875","product","type-product","status-publish","has-post-thumbnail","hentry","product_cat-65"],"_links":{"self":[{"href":"https:\/\/oxygen-turkey.com\/tr\/wp-json\/wp\/v2\/product\/12875","targetHints":{"allow":["GET"]}}],"collection":[{"href":"https:\/\/oxygen-turkey.com\/tr\/wp-json\/wp\/v2\/product"}],"about":[{"href":"https:\/\/oxygen-turkey.com\/tr\/wp-json\/wp\/v2\/types\/product"}],"replies":[{"embeddable":true,"href":"https:\/\/oxygen-turkey.com\/tr\/wp-json\/wp\/v2\/comments?post=12875"}],"wp:featuredmedia":[{"embeddable":true,"href":"https:\/\/oxygen-turkey.com\/tr\/wp-json\/wp\/v2\/media\/12876"}],"wp:attachment":[{"href":"https:\/\/oxygen-turkey.com\/tr\/wp-json\/wp\/v2\/media?parent=12875"}],"wp:term":[{"taxonomy":"product_cat","embeddable":true,"href":"https:\/\/oxygen-turkey.com\/tr\/wp-json\/wp\/v2\/product_cat?post=12875"},{"taxonomy":"product_tag","embeddable":true,"href":"https:\/\/oxygen-turkey.com\/tr\/wp-json\/wp\/v2\/product_tag?post=12875"}],"curies":[{"name":"wp","href":"https:\/\/api.w.org\/{rel}","templated":true}]}}