{"id":12873,"date":"2022-01-06T13:11:38","date_gmt":"2022-01-06T10:11:38","guid":{"rendered":"https:\/\/oxygen-turkey.com\/?post_type=product&#038;p=12873"},"modified":"2022-12-29T13:46:55","modified_gmt":"2022-12-29T10:46:55","slug":"%d9%85%d8%a7%d8%ac","status":"publish","type":"product","link":"https:\/\/oxygen-turkey.com\/tr\/product\/%d9%85%d8%a7%d8%ac\/","title":{"rendered":"bask\u0131l\u0131 kupa 10 adet"},"content":{"rendered":"<p>bask\u0131l\u0131 kupa<br \/>\nrenkli bask\u0131<br \/>\niyi kalite<br \/>\nBoyut 8 oz<br \/>\nTasar\u0131m fiyatlar\u0131 dahil<br \/>\ny\u00fcr\u00fctme s\u00fcreci 5 i\u015f g\u00fcn\u00fcd\u00fcr<br \/>\n10 adet<br \/>\nPaketi g\u00f6nderilmeye haz\u0131r<\/p>","protected":false},"excerpt":{"rendered":"<p>renkli bask\u0131\n bask\u0131l\u0131 bardak, boyut 8 oz,\ntasar\u0131m fiyatlar\u0131 dahil\n \u00fcretim s\u00fcresi 5 i\u015f g\u00fcn\u00fc<\/p>","protected":false},"featured_media":12874,"comment_status":"open","ping_status":"closed","template":"","meta":[],"product_cat":[65,70],"product_tag":[],"class_list":["post-12873","product","type-product","status-publish","has-post-thumbnail","hentry","product_cat-65","product_cat-70"],"_links":{"self":[{"href":"https:\/\/oxygen-turkey.com\/tr\/wp-json\/wp\/v2\/product\/12873","targetHints":{"allow":["GET"]}}],"collection":[{"href":"https:\/\/oxygen-turkey.com\/tr\/wp-json\/wp\/v2\/product"}],"about":[{"href":"https:\/\/oxygen-turkey.com\/tr\/wp-json\/wp\/v2\/types\/product"}],"replies":[{"embeddable":true,"href":"https:\/\/oxygen-turkey.com\/tr\/wp-json\/wp\/v2\/comments?post=12873"}],"wp:featuredmedia":[{"embeddable":true,"href":"https:\/\/oxygen-turkey.com\/tr\/wp-json\/wp\/v2\/media\/12874"}],"wp:attachment":[{"href":"https:\/\/oxygen-turkey.com\/tr\/wp-json\/wp\/v2\/media?parent=12873"}],"wp:term":[{"taxonomy":"product_cat","embeddable":true,"href":"https:\/\/oxygen-turkey.com\/tr\/wp-json\/wp\/v2\/product_cat?post=12873"},{"taxonomy":"product_tag","embeddable":true,"href":"https:\/\/oxygen-turkey.com\/tr\/wp-json\/wp\/v2\/product_tag?post=12873"}],"curies":[{"name":"wp","href":"https:\/\/api.w.org\/{rel}","templated":true}]}}