{"id":12869,"date":"2022-01-06T13:07:35","date_gmt":"2022-01-06T10:07:35","guid":{"rendered":"https:\/\/oxygen-turkey.com\/?post_type=product&#038;p=12869"},"modified":"2023-01-03T18:01:16","modified_gmt":"2023-01-03T15:01:16","slug":"%d9%83%d9%86%d8%b2%d8%a7%d8%aa","status":"publish","type":"product","link":"https:\/\/oxygen-turkey.com\/tr\/product\/%d9%83%d9%86%d8%b2%d8%a7%d8%aa\/","title":{"rendered":"\u0637\u0628\u0627\u0639\u0629 \u0643\u0646\u0632\u0627\u062a \u0639\u062f\u062f 10"},"content":{"rendered":"<p>\u0637\u0628\u0627\u0639\u0629 \u0643\u0646\u0632\u0627\u062a<br \/>\nti\u015f\u00f6rt \nrengi beyaz veya siyah<br \/>\nBask\u0131 boyutu 21*15 cm'dir.<\/p>\n<p>renkli bask\u0131<br \/>\n10 adet<br \/>\nPaketi g\u00f6nderilmeye haz\u0131r<\/p>","protected":false},"excerpt":{"rendered":"<p>bask\u0131l\u0131 ti\u015f\u00f6rt<br \/>\nti\u015f\u00f6rt \nrengi beyaz veya siyah<br \/>\nBask\u0131 boyutu 21*15 cm'dir.<br \/>\nMevcut bedenler<br \/>\ns m l xl<\/p>\n<p>renkli bask\u0131<br \/>\n10 adet<br \/>\nPaketi g\u00f6nderilmeye haz\u0131r<\/p>","protected":false},"featured_media":12870,"comment_status":"open","ping_status":"closed","template":"","meta":[],"product_cat":[65],"product_tag":[],"class_list":["post-12869","product","type-product","status-publish","has-post-thumbnail","hentry","product_cat-65"],"_links":{"self":[{"href":"https:\/\/oxygen-turkey.com\/tr\/wp-json\/wp\/v2\/product\/12869","targetHints":{"allow":["GET"]}}],"collection":[{"href":"https:\/\/oxygen-turkey.com\/tr\/wp-json\/wp\/v2\/product"}],"about":[{"href":"https:\/\/oxygen-turkey.com\/tr\/wp-json\/wp\/v2\/types\/product"}],"replies":[{"embeddable":true,"href":"https:\/\/oxygen-turkey.com\/tr\/wp-json\/wp\/v2\/comments?post=12869"}],"wp:featuredmedia":[{"embeddable":true,"href":"https:\/\/oxygen-turkey.com\/tr\/wp-json\/wp\/v2\/media\/12870"}],"wp:attachment":[{"href":"https:\/\/oxygen-turkey.com\/tr\/wp-json\/wp\/v2\/media?parent=12869"}],"wp:term":[{"taxonomy":"product_cat","embeddable":true,"href":"https:\/\/oxygen-turkey.com\/tr\/wp-json\/wp\/v2\/product_cat?post=12869"},{"taxonomy":"product_tag","embeddable":true,"href":"https:\/\/oxygen-turkey.com\/tr\/wp-json\/wp\/v2\/product_tag?post=12869"}],"curies":[{"name":"wp","href":"https:\/\/api.w.org\/{rel}","templated":true}]}}