{"id":12440,"date":"2021-12-25T07:48:23","date_gmt":"2021-12-25T04:48:23","guid":{"rendered":"https:\/\/oxygen-turkey.com\/demo\/?post_type=product&#038;p=12440"},"modified":"2022-12-29T13:55:26","modified_gmt":"2022-12-29T10:55:26","slug":"%d8%ad%d9%85%d9%84%d8%a9-%d8%a7%d9%84%d8%aa%d8%b3%d9%88%d9%8a%d9%82-%d8%a7%d9%84%d8%a3%d9%84%d9%83%d8%aa%d8%b1%d9%88%d9%86%d9%8a-%d8%a7%d9%84%d8%a8%d8%a7%d9%82%d8%a9-%d8%a7%d9%84%d9%85%d8%a7%d8%b3","status":"publish","type":"product","link":"https:\/\/oxygen-turkey.com\/tr\/product\/%d8%ad%d9%85%d9%84%d8%a9-%d8%a7%d9%84%d8%aa%d8%b3%d9%88%d9%8a%d9%82-%d8%a7%d9%84%d8%a3%d9%84%d9%83%d8%aa%d8%b1%d9%88%d9%86%d9%8a-%d8%a7%d9%84%d8%a8%d8%a7%d9%82%d8%a9-%d8%a7%d9%84%d9%85%d8%a7%d8%b3\/","title":{"rendered":"E-Pazarlama Kampanyas\u0131 Bronz Paket"},"content":{"rendered":"<p>Kampanya s\u00fcresi bir ay<br \/>\nProfesyonel sosyal medya sayfalar\u0131 olu\u015fturmak<br \/>\nOtuz reklam tasar\u0131m\u0131n\u0131n haz\u0131rlanmas\u0131<br \/>\n249$'a sayfalar\u0131 tan\u0131tma<br \/>\n\u00dcr\u00fcn veya hizmetinize uygun i\u00e7erik haz\u0131rlamak<br \/>\n150000 ila 500000 potansiyel m\u00fc\u015fteriye ula\u015fma<br \/>\n\u015eirketinizin ad\u0131n\u0131 ve bilgilerini Oxygen web sitesinde yay\u0131nlay\u0131n<\/p>","protected":false},"excerpt":{"rendered":"<p>Reklam tasar\u0131mlar\u0131, sayfa y\u00f6netimi, mesajlara ve yorumlara yan\u0131t vermenin yan\u0131 s\u0131ra pazarlama veya promosyonu i\u00e7eren bir ayl\u0131k bir reklam kampanyas\u0131<\/p>","protected":false},"featured_media":13239,"comment_status":"open","ping_status":"closed","template":"","meta":[],"product_cat":[15],"product_tag":[123,132],"class_list":["post-12440","product","type-product","status-publish","has-post-thumbnail","hentry","product_cat-uncategorized","product_tag-123","product_tag-132"],"_links":{"self":[{"href":"https:\/\/oxygen-turkey.com\/tr\/wp-json\/wp\/v2\/product\/12440","targetHints":{"allow":["GET"]}}],"collection":[{"href":"https:\/\/oxygen-turkey.com\/tr\/wp-json\/wp\/v2\/product"}],"about":[{"href":"https:\/\/oxygen-turkey.com\/tr\/wp-json\/wp\/v2\/types\/product"}],"replies":[{"embeddable":true,"href":"https:\/\/oxygen-turkey.com\/tr\/wp-json\/wp\/v2\/comments?post=12440"}],"wp:featuredmedia":[{"embeddable":true,"href":"https:\/\/oxygen-turkey.com\/tr\/wp-json\/wp\/v2\/media\/13239"}],"wp:attachment":[{"href":"https:\/\/oxygen-turkey.com\/tr\/wp-json\/wp\/v2\/media?parent=12440"}],"wp:term":[{"taxonomy":"product_cat","embeddable":true,"href":"https:\/\/oxygen-turkey.com\/tr\/wp-json\/wp\/v2\/product_cat?post=12440"},{"taxonomy":"product_tag","embeddable":true,"href":"https:\/\/oxygen-turkey.com\/tr\/wp-json\/wp\/v2\/product_tag?post=12440"}],"curies":[{"name":"wp","href":"https:\/\/api.w.org\/{rel}","templated":true}]}}