{"id":12439,"date":"2021-12-25T07:48:21","date_gmt":"2021-12-25T04:48:21","guid":{"rendered":"https:\/\/oxygen-turkey.com\/demo\/?post_type=product&#038;p=12439"},"modified":"2022-12-29T13:59:09","modified_gmt":"2022-12-29T10:59:09","slug":"%d8%ad%d9%85%d9%84%d8%a9-%d8%a7%d9%84%d8%aa%d8%b3%d9%88%d9%8a%d9%82-%d8%a7%d9%84%d8%a3%d9%84%d9%83%d8%aa%d8%b1%d9%88%d9%86%d9%8a-%d8%a7%d9%84%d8%a8%d8%a7%d9%82%d8%a9-%d8%a7%d9%84%d8%b0%d9%87%d8%a8","status":"publish","type":"product","link":"https:\/\/oxygen-turkey.com\/tr\/product\/%d8%ad%d9%85%d9%84%d8%a9-%d8%a7%d9%84%d8%aa%d8%b3%d9%88%d9%8a%d9%82-%d8%a7%d9%84%d8%a3%d9%84%d9%83%d8%aa%d8%b1%d9%88%d9%86%d9%8a-%d8%a7%d9%84%d8%a8%d8%a7%d9%82%d8%a9-%d8%a7%d9%84%d8%b0%d9%87%d8%a8\/","title":{"rendered":"E-Pazarlama Kampanyas\u0131 Alt\u0131n Paket"},"content":{"rendered":"<p>Kampanya s\u00fcresi bir ay<br \/>\nProfesyonel sosyal medya sayfalar\u0131 olu\u015fturmak<br \/>\non adet reklam tasar\u0131m\u0131n\u0131n haz\u0131rlanmas\u0131<br \/>\nProfesyonelce ve farkl\u0131 reklam fikirleriyle filme al\u0131nan bir dakikal\u0131k ayl\u0131k video<br \/>\nMarka bilinirli\u011fini art\u0131rmak i\u00e7in bir pazarlama plan\u0131 geli\u015ftirin<br \/>\nFacebook ve Instagram'da \u00c7al\u0131\u015fmak<br \/>\nG\u00f6nderileri \u00e7e\u015fitli \u015fekillerde tan\u0131tma<br \/>\n249$ de\u011ferinde promosyon<br \/>\n\u00dcr\u00fcn veya hizmetinize uygun i\u00e7erik haz\u0131rlamak<br \/>\n150000 ila 500000 potansiyel m\u00fc\u015fteriye ula\u015fma<\/p>","protected":false},"excerpt":{"rendered":"<p>Marka bilinirli\u011fini art\u0131rmay\u0131 ama\u00e7layan bir pazarlama plan\u0131na ek olarak tasar\u0131m ve video haz\u0131rlamay\u0131 i\u00e7eren bir reklam kampanyas\u0131<\/p>","protected":false},"featured_media":13240,"comment_status":"open","ping_status":"closed","template":"","meta":[],"product_cat":[15],"product_tag":[123,132],"class_list":["post-12439","product","type-product","status-publish","has-post-thumbnail","hentry","product_cat-uncategorized","product_tag-123","product_tag-132"],"_links":{"self":[{"href":"https:\/\/oxygen-turkey.com\/tr\/wp-json\/wp\/v2\/product\/12439","targetHints":{"allow":["GET"]}}],"collection":[{"href":"https:\/\/oxygen-turkey.com\/tr\/wp-json\/wp\/v2\/product"}],"about":[{"href":"https:\/\/oxygen-turkey.com\/tr\/wp-json\/wp\/v2\/types\/product"}],"replies":[{"embeddable":true,"href":"https:\/\/oxygen-turkey.com\/tr\/wp-json\/wp\/v2\/comments?post=12439"}],"wp:featuredmedia":[{"embeddable":true,"href":"https:\/\/oxygen-turkey.com\/tr\/wp-json\/wp\/v2\/media\/13240"}],"wp:attachment":[{"href":"https:\/\/oxygen-turkey.com\/tr\/wp-json\/wp\/v2\/media?parent=12439"}],"wp:term":[{"taxonomy":"product_cat","embeddable":true,"href":"https:\/\/oxygen-turkey.com\/tr\/wp-json\/wp\/v2\/product_cat?post=12439"},{"taxonomy":"product_tag","embeddable":true,"href":"https:\/\/oxygen-turkey.com\/tr\/wp-json\/wp\/v2\/product_tag?post=12439"}],"curies":[{"name":"wp","href":"https:\/\/api.w.org\/{rel}","templated":true}]}}