{"id":11902,"date":"2021-12-13T16:25:59","date_gmt":"2021-12-13T13:25:59","guid":{"rendered":"http:\/\/localhost\/oxygen\/?post_type=product&#038;p=11902"},"modified":"2023-01-03T14:59:03","modified_gmt":"2023-01-03T11:59:03","slug":"%d9%84%d9%88%d8%ad%d8%a7%d8%aa","status":"publish","type":"product","link":"https:\/\/oxygen-turkey.com\/tr\/product\/%d9%84%d9%88%d8%ad%d8%a7%d8%aa\/","title":{"rendered":"I\u015f\u0131kl\u0131 harfler 35 cm"},"content":{"rendered":"<p>\u0131\u015f\u0131kl\u0131 harfler<br \/>\nharfin y\u00fcksekli\u011fi 35 cm<br \/>\nmektubun geni\u015fli\u011fi se\u00e7ilen harfe ba\u011fl\u0131d\u0131r<br \/>\niyi k\u00e2lite<br \/>\n6 cm al\u00fcminyum pleksi<br \/>\nSevkiyat i\u00e7in haz\u0131r paket ile donat\u0131lm\u0131\u015f<\/p>","protected":false},"excerpt":{"rendered":"<p>\u0131\u015f\u0131kl\u0131 harfler<br \/>\nharfin y\u00fcksekli\u011fi 35 cm<br \/>\nmektubun geni\u015fli\u011fi se\u00e7ilen harfe ba\u011fl\u0131d\u0131r<br \/>\niyi k\u00e2lite<br \/>\n6 cm al\u00fcminyum pleksi<br \/>\nSevkiyat i\u00e7in haz\u0131r paket ile donat\u0131lm\u0131\u015f<\/p>","protected":false},"featured_media":12918,"comment_status":"open","ping_status":"closed","template":"","meta":[],"product_cat":[70],"product_tag":[121,122,123,119,120],"class_list":["post-11902","product","type-product","status-publish","has-post-thumbnail","hentry","product_cat-70","product_tag-121","product_tag-122","product_tag-123","product_tag-119","product_tag-120"],"_links":{"self":[{"href":"https:\/\/oxygen-turkey.com\/tr\/wp-json\/wp\/v2\/product\/11902","targetHints":{"allow":["GET"]}}],"collection":[{"href":"https:\/\/oxygen-turkey.com\/tr\/wp-json\/wp\/v2\/product"}],"about":[{"href":"https:\/\/oxygen-turkey.com\/tr\/wp-json\/wp\/v2\/types\/product"}],"replies":[{"embeddable":true,"href":"https:\/\/oxygen-turkey.com\/tr\/wp-json\/wp\/v2\/comments?post=11902"}],"wp:featuredmedia":[{"embeddable":true,"href":"https:\/\/oxygen-turkey.com\/tr\/wp-json\/wp\/v2\/media\/12918"}],"wp:attachment":[{"href":"https:\/\/oxygen-turkey.com\/tr\/wp-json\/wp\/v2\/media?parent=11902"}],"wp:term":[{"taxonomy":"product_cat","embeddable":true,"href":"https:\/\/oxygen-turkey.com\/tr\/wp-json\/wp\/v2\/product_cat?post=11902"},{"taxonomy":"product_tag","embeddable":true,"href":"https:\/\/oxygen-turkey.com\/tr\/wp-json\/wp\/v2\/product_tag?post=11902"}],"curies":[{"name":"wp","href":"https:\/\/api.w.org\/{rel}","templated":true}]}}