{"id":11901,"date":"2021-12-13T16:25:50","date_gmt":"2021-12-13T13:25:50","guid":{"rendered":"http:\/\/localhost\/oxygen\/?post_type=product&#038;p=11901"},"modified":"2023-01-03T15:00:53","modified_gmt":"2023-01-03T12:00:53","slug":"%d8%b1%d9%88%d9%84-%d8%a7%d8%a8","status":"publish","type":"product","link":"https:\/\/oxygen-turkey.com\/tr\/product\/%d8%b1%d9%88%d9%84-%d8%a7%d8%a8\/","title":{"rendered":"\u0631\u0648\u0644 \u0627\u0628 200*85 \u0633\u0645"},"content":{"rendered":"<ul>\n<li>roll up<\/li>\n<li>\u00a085*200 cm Ebat<\/li>\n<li>t\u00fcrkiye'de y\u00fcksek kalite ile \u00fcretilmi\u015ftir<\/li>\n<li>y\u00fcr\u00fctme s\u00fcreci \u00fc\u00e7 i\u015f g\u00fcn\u00fcd\u00fcr<\/li>\n<li>Paketi g\u00f6nderilmeye haz\u0131r<\/li>\n<\/ul>","protected":false},"excerpt":{"rendered":"<ul>\n<li>roll up<\/li>\n<li>\u00a085*200 cm Ebat<\/li>\n<li>t\u00fcrkiye'de y\u00fcksek kalite ile \u00fcretilmi\u015ftir<\/li>\n<li>y\u00fcr\u00fctme s\u00fcreci \u00fc\u00e7 i\u015f g\u00fcn\u00fcd\u00fcr<\/li>\n<li>Paketi g\u00f6nderilmeye haz\u0131r<\/li>\n<\/ul>","protected":false},"featured_media":12917,"comment_status":"open","ping_status":"closed","template":"","meta":[],"product_cat":[65,70],"product_tag":[],"class_list":["post-11901","product","type-product","status-publish","has-post-thumbnail","hentry","product_cat-65","product_cat-70"],"_links":{"self":[{"href":"https:\/\/oxygen-turkey.com\/tr\/wp-json\/wp\/v2\/product\/11901","targetHints":{"allow":["GET"]}}],"collection":[{"href":"https:\/\/oxygen-turkey.com\/tr\/wp-json\/wp\/v2\/product"}],"about":[{"href":"https:\/\/oxygen-turkey.com\/tr\/wp-json\/wp\/v2\/types\/product"}],"replies":[{"embeddable":true,"href":"https:\/\/oxygen-turkey.com\/tr\/wp-json\/wp\/v2\/comments?post=11901"}],"wp:featuredmedia":[{"embeddable":true,"href":"https:\/\/oxygen-turkey.com\/tr\/wp-json\/wp\/v2\/media\/12917"}],"wp:attachment":[{"href":"https:\/\/oxygen-turkey.com\/tr\/wp-json\/wp\/v2\/media?parent=11901"}],"wp:term":[{"taxonomy":"product_cat","embeddable":true,"href":"https:\/\/oxygen-turkey.com\/tr\/wp-json\/wp\/v2\/product_cat?post=11901"},{"taxonomy":"product_tag","embeddable":true,"href":"https:\/\/oxygen-turkey.com\/tr\/wp-json\/wp\/v2\/product_tag?post=11901"}],"curies":[{"name":"wp","href":"https:\/\/api.w.org\/{rel}","templated":true}]}}