{"id":11894,"date":"2021-12-13T16:09:05","date_gmt":"2021-12-13T13:09:05","guid":{"rendered":"http:\/\/localhost\/oxygen\/?post_type=product&#038;p=11894"},"modified":"2022-12-29T13:57:25","modified_gmt":"2022-12-29T10:57:25","slug":"%d8%ad%d9%85%d9%84%d8%a9-%d8%aa%d8%b3%d9%88%d9%8a%d9%82%d9%8a%d8%a9-%d8%b1%d9%82%d9%85-4","status":"publish","type":"product","link":"https:\/\/oxygen-turkey.com\/tr\/product\/%d8%ad%d9%85%d9%84%d8%a9-%d8%aa%d8%b3%d9%88%d9%8a%d9%82%d9%8a%d8%a9-%d8%b1%d9%82%d9%85-4\/","title":{"rendered":"Bir emlak \u015firketi i\u00e7in \u00fc\u00e7 ayl\u0131k pazarlama plan\u0131"},"content":{"rendered":"<ul>\n<li>\n<h3>Bir emlak \u015firketi i\u00e7in \u00fc\u00e7 ayl\u0131k pazarlama plan\u0131<br \/>\ni\u00e7erir<\/h3>\n<p>Sosyal medya platformlar\u0131 i\u00e7in pazarlama i\u00e7eri\u011fi yazmak<\/p>\n<p>Sosyal medya platformlar\u0131, site, sayfa veya hizmet sahibinin istedi\u011fi herhangi bir \u015feyi tan\u0131tmak i\u00e7in pazarlama i\u00e7eri\u011fine en \u00e7ok ihtiya\u00e7 duyan platformlard\u0131r.<\/li>\n<li><i class=\"ri-check-line\"><\/i><br \/>\n<h3>Web siteleri i\u00e7in pazarlama i\u00e7eri\u011fi<\/h3>\n<p>Web sitesinin haz\u0131r olmas\u0131 i\u00e7in i\u00e7eri\u011fe ihtiyac\u0131 vard\u0131r. Hizmetlerinizin ayr\u0131nt\u0131lar\u0131n\u0131 ve sitenizde sunduklar\u0131n\u0131z\u0131 a\u00e7\u0131klamak i\u00e7in farkl\u0131 ve \u00e7ekici pazarlama i\u00e7eri\u011fi geli\u015ftirmeniz gerekir.<\/li>\n<li><i class=\"ri-check-line\"><\/i><br \/>\n<h3>Yarat\u0131c\u0131 Reklam i\u00e7eri\u011fi<\/h3>\n<p>Bir \u00fcr\u00fcn\u00fcn m\u00fcnhas\u0131ran ve ay\u0131rt edici bir \u015fekilde reklam\u0131n\u0131 yapmak i\u00e7in bu hizmet uygundur, \u00e7\u00fcnk\u00fc \u015firketin \u00fcr\u00fcnleri veya hizmetleri i\u00e7in m\u00fc\u015fterileri h\u0131zla \u00e7ekecek yarat\u0131c\u0131 i\u00e7erik i\u00e7eren reklamlar yazmay\u0131 i\u00e7erir.<\/li>\n<li><i class=\"ri-check-line\"><\/i><br \/>\n<h3>\u015eirket i\u00e7in i\u00e7erik yazma<\/h3>\n<p>Yeni kurulan \u015firketler, \u015firket hakk\u0131nda daha fazla bilgi edinmek isteyen herkesin g\u00f6rebilmesi ve \u015firketi tan\u0131tmak i\u00e7in bir aray\u00fcz olarak hizmet edebilmesi i\u00e7in, onlar hakk\u0131nda belirgin tan\u0131t\u0131m i\u00e7eri\u011fine sahip olmal\u0131d\u0131r.<\/li>\n<\/ul>","protected":false},"excerpt":{"rendered":"<h3>Bir emlak \u015firketi i\u00e7in \u00fc\u00e7 ayl\u0131k pazarlama plan\u0131<\/h3>","protected":false},"featured_media":13839,"comment_status":"open","ping_status":"closed","template":"","meta":[],"product_cat":[68],"product_tag":[133],"class_list":["post-11894","product","type-product","status-publish","has-post-thumbnail","hentry","product_cat-68","product_tag-133"],"_links":{"self":[{"href":"https:\/\/oxygen-turkey.com\/tr\/wp-json\/wp\/v2\/product\/11894","targetHints":{"allow":["GET"]}}],"collection":[{"href":"https:\/\/oxygen-turkey.com\/tr\/wp-json\/wp\/v2\/product"}],"about":[{"href":"https:\/\/oxygen-turkey.com\/tr\/wp-json\/wp\/v2\/types\/product"}],"replies":[{"embeddable":true,"href":"https:\/\/oxygen-turkey.com\/tr\/wp-json\/wp\/v2\/comments?post=11894"}],"wp:featuredmedia":[{"embeddable":true,"href":"https:\/\/oxygen-turkey.com\/tr\/wp-json\/wp\/v2\/media\/13839"}],"wp:attachment":[{"href":"https:\/\/oxygen-turkey.com\/tr\/wp-json\/wp\/v2\/media?parent=11894"}],"wp:term":[{"taxonomy":"product_cat","embeddable":true,"href":"https:\/\/oxygen-turkey.com\/tr\/wp-json\/wp\/v2\/product_cat?post=11894"},{"taxonomy":"product_tag","embeddable":true,"href":"https:\/\/oxygen-turkey.com\/tr\/wp-json\/wp\/v2\/product_tag?post=11894"}],"curies":[{"name":"wp","href":"https:\/\/api.w.org\/{rel}","templated":true}]}}