{"id":11892,"date":"2021-12-13T16:08:47","date_gmt":"2021-12-13T13:08:47","guid":{"rendered":"http:\/\/localhost\/oxygen\/?post_type=product&#038;p=11892"},"modified":"2022-10-27T10:59:56","modified_gmt":"2022-10-27T07:59:56","slug":"%d8%ad%d9%85%d9%84%d8%a9-%d8%aa%d8%b3%d9%88%d9%8a%d9%82%d9%8a%d8%a9-%d8%b1%d9%82%d9%85-2","status":"publish","type":"product","link":"https:\/\/oxygen-turkey.com\/tr\/product\/%d8%ad%d9%85%d9%84%d8%a9-%d8%aa%d8%b3%d9%88%d9%8a%d9%82%d9%8a%d8%a9-%d8%b1%d9%82%d9%85-2\/","title":{"rendered":"\u062d\u0645\u0644\u0629 \u062a\u0633\u0648\u064a\u0642\u064a\u0629  \u0644\u0645\u062f\u0629 \u0633\u0646\u0629"},"content":{"rendered":"<ul>\n<li>\n<h3>Sosyal medya platformlar\u0131 i\u00e7in pazarlama i\u00e7eri\u011fi yazmak<\/h3>\n<p>Sosyal medya platformlar\u0131, site, sayfa veya hizmet sahibinin istedi\u011fi herhangi bir \u015feyi tan\u0131tmak i\u00e7in pazarlama i\u00e7eri\u011fine en \u00e7ok ihtiya\u00e7 duyan platformlard\u0131r.<\/li>\n<li><i class=\"ri-check-line\"><\/i><br \/>\n<h3>Web siteleri i\u00e7in pazarlama i\u00e7eri\u011fi<\/h3>\n<p>Web sitesinin haz\u0131r olmas\u0131 i\u00e7in i\u00e7eri\u011fe ihtiyac\u0131 vard\u0131r. Hizmetlerinizin ayr\u0131nt\u0131lar\u0131n\u0131 ve sitenizde sunduklar\u0131n\u0131z\u0131 a\u00e7\u0131klamak i\u00e7in farkl\u0131 ve \u00e7ekici pazarlama i\u00e7eri\u011fi geli\u015ftirmeniz gerekir.<\/li>\n<li><i class=\"ri-check-line\"><\/i><br \/>\n<h3>Yarat\u0131c\u0131 Reklam i\u00e7eri\u011fi<\/h3>\n<p>Bir \u00fcr\u00fcn\u00fcn m\u00fcnhas\u0131ran ve ay\u0131rt edici bir \u015fekilde reklam\u0131n\u0131 yapmak i\u00e7in bu hizmet uygundur, \u00e7\u00fcnk\u00fc \u015firketin \u00fcr\u00fcnleri veya hizmetleri i\u00e7in m\u00fc\u015fterileri h\u0131zla \u00e7ekecek yarat\u0131c\u0131 i\u00e7erik i\u00e7eren reklamlar yazmay\u0131 i\u00e7erir.<\/li>\n<li><i class=\"ri-check-line\"><\/i><br \/>\n<h3>\u015eirket i\u00e7in i\u00e7erik yazma<\/h3>\n<p>Yeni kurulan \u015firketler, \u015firket hakk\u0131nda daha fazla bilgi edinmek isteyen herkesin g\u00f6rebilmesi ve \u015firketi tan\u0131tmak i\u00e7in bir aray\u00fcz olarak hizmet edebilmesi i\u00e7in, onlar hakk\u0131nda belirgin tan\u0131t\u0131m i\u00e7eri\u011fine sahip olmal\u0131d\u0131r.<\/li>\n<\/ul>","protected":false},"excerpt":{"rendered":"<p>\u062e\u0637\u0629 \u062a\u0633\u0648\u064a\u0642\u064a\u0629 \u0644\u0645\u062f\u0629 \u0633\u0646\u0629 \u062a\u062a\u0636\u0645\u0646 \u062f\u0631\u0627\u0633\u0629 \u0627\u0644\u0633\u0648\u0642 \u0648 \u0627\u0644\u0645\u0646\u0627\u0641\u0633\u064a\u0646 \u0648 \u0645\u0639\u0631\u0641\u0629 \u0627\u0641\u0636\u0644 \u0637\u0631\u064a\u0642\u0629 \u0644\u062c\u0630\u0628 \u0627\u0644\u0639\u0645\u0644\u0627\u0621<\/p>","protected":false},"featured_media":13842,"comment_status":"open","ping_status":"closed","template":"","meta":[],"product_cat":[68],"product_tag":[],"class_list":["post-11892","product","type-product","status-publish","has-post-thumbnail","hentry","product_cat-68"],"_links":{"self":[{"href":"https:\/\/oxygen-turkey.com\/tr\/wp-json\/wp\/v2\/product\/11892","targetHints":{"allow":["GET"]}}],"collection":[{"href":"https:\/\/oxygen-turkey.com\/tr\/wp-json\/wp\/v2\/product"}],"about":[{"href":"https:\/\/oxygen-turkey.com\/tr\/wp-json\/wp\/v2\/types\/product"}],"replies":[{"embeddable":true,"href":"https:\/\/oxygen-turkey.com\/tr\/wp-json\/wp\/v2\/comments?post=11892"}],"wp:featuredmedia":[{"embeddable":true,"href":"https:\/\/oxygen-turkey.com\/tr\/wp-json\/wp\/v2\/media\/13842"}],"wp:attachment":[{"href":"https:\/\/oxygen-turkey.com\/tr\/wp-json\/wp\/v2\/media?parent=11892"}],"wp:term":[{"taxonomy":"product_cat","embeddable":true,"href":"https:\/\/oxygen-turkey.com\/tr\/wp-json\/wp\/v2\/product_cat?post=11892"},{"taxonomy":"product_tag","embeddable":true,"href":"https:\/\/oxygen-turkey.com\/tr\/wp-json\/wp\/v2\/product_tag?post=11892"}],"curies":[{"name":"wp","href":"https:\/\/api.w.org\/{rel}","templated":true}]}}