{"id":11878,"date":"2021-12-13T15:52:59","date_gmt":"2021-12-13T12:52:59","guid":{"rendered":"http:\/\/localhost\/oxygen\/?post_type=product&#038;p=11878"},"modified":"2022-12-29T12:38:05","modified_gmt":"2022-12-29T09:38:05","slug":"%d9%85%d9%88%d9%82%d8%b9-%d9%88%d9%8a%d8%a8-%d8%a8%d8%a7%d9%83%d8%a7%d8%ac-1","status":"publish","type":"product","link":"https:\/\/oxygen-turkey.com\/tr\/product\/%d9%85%d9%88%d9%82%d8%b9-%d9%88%d9%8a%d8%a8-%d8%a8%d8%a7%d9%83%d8%a7%d8%ac-1\/","title":{"rendered":"website 1"},"content":{"rendered":"<h4><span style=\"color: #3468ad;\">web sitesi sayfalar\u0131:<\/span><\/h4>\n<ul>\n<li><strong> Ana sayfa k\u0131saca sitenin t\u00fcm b\u00f6l\u00fcmlerini i\u00e7erir.<\/strong><\/li>\n<li><strong>web sitesi sayfas\u0131 hakk\u0131nda<\/strong><\/li>\n<li><strong>B\u00f6l\u00fcm sayfas\u0131na g\u00f6z at\u0131n<\/strong><\/li>\n<li><strong>Foto\u011fraflar i\u00e7in g\u00f6r\u00fcnt\u00fcleme sayfas\u0131<\/strong><\/li>\n<li><strong>Video sayfas\u0131n\u0131 g\u00f6r\u00fcnt\u00fcle <\/strong><\/li>\n<li><strong>Projelerin sunuldu\u011fu sayfa<\/strong><\/li>\n<li><strong>ileti\u015fim sayfas\u0131 <\/strong><\/li>\n<li><strong>gizlilik politikas\u0131 sayfas\u0131<\/strong><\/li>\n<\/ul>\n<p>&nbsp;<\/p>\n<p>&nbsp;<\/p>\n<h4><span style=\"color: #3468ad;\">proje y\u00fcr\u00fctme s\u00fcreci ve ad\u0131mlar\u0131<\/span><\/h4>\n<ul>\n<li><strong>\u00d6nce projeyi analiz etmek ve ard\u0131ndan yukar\u0131da belirtilen t\u00fcm noktalarda anla\u015fmak.<\/strong><\/li>\n<li><strong>\u0130kinci olarak, t\u00fcm web sitesi tasar\u0131m\u0131n\u0131n haz\u0131rlanmas\u0131 ve gerekli olan\u0131n onaylanmas\u0131 i\u00e7in size sunulmas\u0131<\/strong><\/li>\n<li><strong>\u00dc\u00e7\u00fcnc\u00fcs\u00fc, web sitesini WordPress sistemiyle programlamak ve i\u00e7eri\u011fi y\u00f6netmek i\u00e7in kontrol panelini haz\u0131rlamak<\/strong><\/li>\n<li><strong>Son olarak, web sitesi, web sitenizi nas\u0131l y\u00f6netece\u011finizle ilgili t\u00fcm ayr\u0131nt\u0131lar\u0131 a\u00e7\u0131klayan eksiksiz bir video ile teslim edilir.<\/strong><\/li>\n<\/ul>","protected":false},"excerpt":{"rendered":"<h4><span style=\"color: #3468ad;\">\u00f6zellikleri<\/span><\/h4>\n<ul>\n<li><strong>Firma ismi ile domain rezervasyonu<\/strong><\/li>\n<li><strong>5 GB depolama alan\u0131<\/strong><\/li>\n<li><strong>Web sitesi e-posta hesab\u0131 5 adet<\/strong><\/li>\n<li><strong>Kullan\u0131c\u0131 deneyimine uygun d\u00fc\u015f\u00fcnceli bir tasar\u0131m ve programlama se\u00e7me<\/strong><\/li>\n<li><strong>t\u00fcm ekran boyutlar\u0131 i\u00e7in uygun tasar\u0131m<\/strong><\/li>\n<li><strong>bir dil<\/strong><\/li>\n<li><strong>Sayfa say\u0131s\u0131 (modern stil) - tek sayfa<\/strong><\/li>\n<li><strong>Siteyi t\u00fcm arama motorlar\u0131yla uyumlu hale getirin<\/strong><\/li>\n<li><strong>Foto\u011fraf galerisinin \u00f6zel bir b\u00f6l\u00fcm\u00fc<\/strong><\/li>\n<li><strong>Siteyi ve i\u00e7eri\u011fi tam olarak y\u00f6netmek i\u00e7in bir kontrol paneli<\/strong><\/li>\n<li><strong>Sosyal medya hesaplar\u0131n\u0131z\u0131 tamamen web sitesine ba\u011flay\u0131n<\/strong><\/li>\n<li><strong>Sitenin kullan\u0131c\u0131ya g\u00fcvenli bir \u015fekilde g\u00f6r\u00fcnmesini sa\u011flamak i\u00e7in bir SSL sertifikas\u0131<\/strong><\/li>\n<\/ul>","protected":false},"featured_media":13036,"comment_status":"open","ping_status":"closed","template":"","meta":[],"product_cat":[66],"product_tag":[],"class_list":["post-11878","product","type-product","status-publish","has-post-thumbnail","hentry","product_cat-66"],"_links":{"self":[{"href":"https:\/\/oxygen-turkey.com\/tr\/wp-json\/wp\/v2\/product\/11878","targetHints":{"allow":["GET"]}}],"collection":[{"href":"https:\/\/oxygen-turkey.com\/tr\/wp-json\/wp\/v2\/product"}],"about":[{"href":"https:\/\/oxygen-turkey.com\/tr\/wp-json\/wp\/v2\/types\/product"}],"replies":[{"embeddable":true,"href":"https:\/\/oxygen-turkey.com\/tr\/wp-json\/wp\/v2\/comments?post=11878"}],"wp:featuredmedia":[{"embeddable":true,"href":"https:\/\/oxygen-turkey.com\/tr\/wp-json\/wp\/v2\/media\/13036"}],"wp:attachment":[{"href":"https:\/\/oxygen-turkey.com\/tr\/wp-json\/wp\/v2\/media?parent=11878"}],"wp:term":[{"taxonomy":"product_cat","embeddable":true,"href":"https:\/\/oxygen-turkey.com\/tr\/wp-json\/wp\/v2\/product_cat?post=11878"},{"taxonomy":"product_tag","embeddable":true,"href":"https:\/\/oxygen-turkey.com\/tr\/wp-json\/wp\/v2\/product_tag?post=11878"}],"curies":[{"name":"wp","href":"https:\/\/api.w.org\/{rel}","templated":true}]}}