{"id":12129,"date":"2021-12-18T23:23:46","date_gmt":"2021-12-18T20:23:46","guid":{"rendered":"http:\/\/localhost\/oxygen\/?page_id=12129"},"modified":"2021-12-31T17:01:31","modified_gmt":"2021-12-31T14:01:31","slug":"%d8%ae%d8%af%d9%85%d8%a7%d8%aa%d9%86%d8%a7","status":"publish","type":"page","link":"https:\/\/oxygen-turkey.com\/tr\/%d8%ae%d8%af%d9%85%d8%a7%d8%aa%d9%86%d8%a7\/","title":{"rendered":"hizmetlerimiz"},"content":{"rendered":"<div data-elementor-type=\"wp-page\" data-elementor-id=\"12129\" class=\"elementor elementor-12129\">\n\t\t\t\t\t\t<section class=\"elementor-section elementor-top-section elementor-element elementor-element-4181159 elementor-section-boxed elementor-section-height-default elementor-section-height-default wd-section-disabled\" data-id=\"4181159\" data-element_type=\"section\">\n\t\t\t\t\t\t<div class=\"elementor-container elementor-column-gap-default\">\n\t\t\t\t\t<div class=\"elementor-column elementor-col-100 elementor-top-column elementor-element elementor-element-469f99e3\" data-id=\"469f99e3\" data-element_type=\"column\">\n\t\t\t<div class=\"elementor-widget-wrap elementor-element-populated\">\n\t\t\t\t\t\t<div class=\"elementor-element elementor-element-7e8c3e17 wd-animation-slide-from-bottom wd-animation-normal elementor-widget elementor-widget-wd_title\" data-id=\"7e8c3e17\" data-element_type=\"widget\" data-widget_type=\"wd_title.default\">\n\t\t\t\t<div class=\"elementor-widget-container\">\n\t\t\t\t\t\t\t<div class=\"title-wrapper set-mb-s reset-last-child wd-title-color-default wd-title-style-default wd-title-size-default text-center\">\n\n\t\t\t\t\t\t\t<div class=\"title-subtitle subtitle-color-default subtitle-style-default wd-fontsize-xs\">\n\t\t\t\t\thizmetlerimiz hakk\u0131nda\t\t\t\t<\/div>\n\t\t\t\n\t\t\t<div class=\"liner-continer\">\n\t\t\t\t<h4 class=\"woodmart-title-container title wd-fontsize-l wd-underline-colored\">Oxygen group hizmetleri<\/h4> \n\t\t\t\t\t\t\t<\/div>\n\n\t\t\t\t\t<\/div>\n\t\t\t\t\t\t<\/div>\n\t\t\t\t<\/div>\n\t\t\t\t<section class=\"elementor-section elementor-inner-section elementor-element elementor-element-37a8441e elementor-section-boxed elementor-section-height-default elementor-section-height-default wd-section-disabled\" data-id=\"37a8441e\" data-element_type=\"section\">\n\t\t\t\t\t\t<div class=\"elementor-container elementor-column-gap-default\">\n\t\t\t\t\t<div class=\"elementor-column elementor-col-33 elementor-inner-column elementor-element elementor-element-234ad1d8\" data-id=\"234ad1d8\" data-element_type=\"column\">\n\t\t\t<div class=\"elementor-widget-wrap elementor-element-populated\">\n\t\t\t\t\t\t<div class=\"elementor-element elementor-element-470e32f8 wd-animation-left-flip-y wd-animation-normal elementor-widget elementor-widget-wd_infobox\" data-id=\"470e32f8\" data-element_type=\"widget\" data-widget_type=\"wd_infobox.default\">\n\t\t\t\t<div class=\"elementor-widget-container\">\n\t\t\t\t\t\t\t<div class=\"info-box-wrapper\">\n\t\t\t<div class=\"wd-info-box text-center box-icon-align-top box-style-base color-scheme- with-btn box-btn-static\"onclick=\"window.location.href='https:\/\/oxygen-turkey.com\/%d9%85%d8%b1%d9%83%d8%b2-%d8%a7%d9%84%d9%85%d8%b3%d8%a7%d8%b9%d8%af%d8%a9\/'\">\n\t\t\t\t\t\t\t\t\t<div class=\"box-icon-wrapper  box-with-icon box-icon-simple\">\n\t\t\t\t\t\t<div class=\"info-box-icon\">\n\t\t\t\t\t\t\t\t\t\t\t\t\t\t\t<img decoding=\"async\" src=\"https:\/\/oxygen-turkey.com\/wp-content\/uploads\/2021\/12\/9497_6-150x67.png\" title=\"9497_6\" alt=\"9497_6\" loading=\"lazy\" \/>\t\t\t\t\t\t\t\t\t\t\t\t\t<\/div>\n\t\t\t\t\t<\/div>\n\t\t\t\t\n\t\t\t\t<div class=\"info-box-content\">\n\t\t\t\t\t\n\t\t\t\t\t\t\t\t\t\t\t<h4\t\t\t\t\t\tclass=\"info-box-title title box-title-style-default wd-fontsize-m\" data-elementor-setting-key=\"title\">\n\t\t\t\t\t\t\t\tReklam hizmetleri ve e-pazarlama\t\t\t\t\t\t<\/h4>\n\t\t\t\t\t\n\t\t\t\t\t<div class=\"info-box-inner set-cont-mb-s reset-last-child\"\n\t\t\t\t\t\t data-elementor-setting-key=\"content\">\n\t\t\t\t\t\t<p>Firmaya geni\u015f bir kitle olu\u015fturmay\u0131 ve arama motorlar\u0131ndaki s\u0131ralamas\u0131n\u0131 en iyi \u015fekilde y\u00fckseltmeyi ve en geni\u015f kapsamda yay\u0131nlamay\u0131 hedeflemektedir.<\/p>\n\t\t\t\t\t<\/div>\n\t\n\t\t\t\t\t\t\t\t\t\t\t<div class=\"info-btn-wrapper\">\n\t\t\t\t\t\t\t\t\t<div class=\"wd-button-wrapper text-center\" >\n\t\t\t<a class=\"btn btn-style-link btn-shape- btn-size-default btn-color-default btn-icon-pos-right\"  href=\"https:\/\/oxygen-turkey.com\/tr\/%d9%85%d8%b1%d9%83%d8%b2-%d8%a7%d9%84%d9%85%d8%b3%d8%a7%d8%b9%d8%af%d8%a9\/\">\n\t\t\t\t<span class=\"wd-btn-text\" data-elementor-setting-key=\"text\">\n\t\t\t\t\tHizmet talebi\t\t\t\t<\/span>\n\n\t\t\t\t\t\t\t<\/a>\n\t\t<\/div>\n\t\t\t\t\t\t\t\t<\/div>\n\t\t\t\t\t\t\t\t\t<\/div>\n\t\t\t<\/div>\n\t\t<\/div>\n\t\t\t\t\t\t<\/div>\n\t\t\t\t<\/div>\n\t\t\t\t\t<\/div>\n\t\t<\/div>\n\t\t\t\t<div class=\"elementor-column elementor-col-33 elementor-inner-column elementor-element elementor-element-65ed4e6f\" data-id=\"65ed4e6f\" data-element_type=\"column\">\n\t\t\t<div class=\"elementor-widget-wrap elementor-element-populated\">\n\t\t\t\t\t\t<div class=\"elementor-element elementor-element-62a28a97 wd-animation-left-flip-y wd-animation-normal elementor-widget elementor-widget-wd_infobox\" data-id=\"62a28a97\" data-element_type=\"widget\" data-widget_type=\"wd_infobox.default\">\n\t\t\t\t<div class=\"elementor-widget-container\">\n\t\t\t\t\t\t\t<div class=\"info-box-wrapper\">\n\t\t\t<div class=\"wd-info-box text-center box-icon-align-top box-style-base color-scheme- with-btn box-btn-static\"onclick=\"window.location.href='https:\/\/oxygen-turkey.com\/%d9%85%d8%b1%d9%83%d8%b2-%d8%a7%d9%84%d9%85%d8%b3%d8%a7%d8%b9%d8%af%d8%a9\/'\">\n\t\t\t\t\t\t\t\t\t<div class=\"box-icon-wrapper  box-with-icon box-icon-simple\">\n\t\t\t\t\t\t<div class=\"info-box-icon\">\n\t\t\t\t\t\t\t\t\t\t\t\t\t\t\t<img decoding=\"async\" src=\"https:\/\/oxygen-turkey.com\/wp-content\/uploads\/2021\/12\/9183_5-150x68.png\" title=\"9183_5\" alt=\"9183_5\" loading=\"lazy\" \/>\t\t\t\t\t\t\t\t\t\t\t\t\t<\/div>\n\t\t\t\t\t<\/div>\n\t\t\t\t\n\t\t\t\t<div class=\"info-box-content\">\n\t\t\t\t\t\n\t\t\t\t\t\t\t\t\t\t\t<h4\t\t\t\t\t\tclass=\"info-box-title title box-title-style-default wd-fontsize-m\" data-elementor-setting-key=\"title\">\n\t\t\t\t\t\t\t\t\u00d6zel Ticari Acenteler\t\t\t\t\t\t<\/h4>\n\t\t\t\t\t\n\t\t\t\t\t<div class=\"info-box-inner set-cont-mb-s reset-last-child\"\n\t\t\t\t\t\t data-elementor-setting-key=\"content\">\n\t\t\t\t\t\t<p>Her t\u00fcrl\u00fc (g\u0131da, end\u00fcstriyel, elektronik, hizmet) b\u00fcy\u00fck ve k\u00fc\u00e7\u00fck projelerin \u00fcr\u00fcnlerini en son pazarlama y\u00f6ntemlerini kullanarak pazarlamak i\u00e7in \u00e7al\u0131\u015f\u0131yoruz.<\/p>\n\t\t\t\t\t<\/div>\n\t\n\t\t\t\t\t\t\t\t\t\t\t<div class=\"info-btn-wrapper\">\n\t\t\t\t\t\t\t\t\t<div class=\"wd-button-wrapper text-center\" >\n\t\t\t<a class=\"btn btn-style-link btn-shape- btn-size-default btn-color-default btn-icon-pos-right\"  href=\"https:\/\/oxygen-turkey.com\/tr\/%d9%85%d8%b1%d9%83%d8%b2-%d8%a7%d9%84%d9%85%d8%b3%d8%a7%d8%b9%d8%af%d8%a9\/\">\n\t\t\t\t<span class=\"wd-btn-text\" data-elementor-setting-key=\"text\">\n\t\t\t\t\tHizmet talebi\t\t\t\t<\/span>\n\n\t\t\t\t\t\t\t<\/a>\n\t\t<\/div>\n\t\t\t\t\t\t\t\t<\/div>\n\t\t\t\t\t\t\t\t\t<\/div>\n\t\t\t<\/div>\n\t\t<\/div>\n\t\t\t\t\t\t<\/div>\n\t\t\t\t<\/div>\n\t\t\t\t\t<\/div>\n\t\t<\/div>\n\t\t\t\t<div class=\"elementor-column elementor-col-33 elementor-inner-column elementor-element elementor-element-5bf282ba\" data-id=\"5bf282ba\" data-element_type=\"column\">\n\t\t\t<div class=\"elementor-widget-wrap elementor-element-populated\">\n\t\t\t\t\t\t<div class=\"elementor-element elementor-element-31a5a22d wd-animation-left-flip-y wd-animation-normal elementor-widget elementor-widget-wd_infobox\" data-id=\"31a5a22d\" data-element_type=\"widget\" data-widget_type=\"wd_infobox.default\">\n\t\t\t\t<div class=\"elementor-widget-container\">\n\t\t\t\t\t\t\t<div class=\"info-box-wrapper\">\n\t\t\t<div class=\"wd-info-box text-center box-icon-align-top box-style-base color-scheme- with-btn box-btn-static\"onclick=\"window.location.href='https:\/\/oxygen-turkey.com\/%d9%85%d8%b1%d9%83%d8%b2-%d8%a7%d9%84%d9%85%d8%b3%d8%a7%d8%b9%d8%af%d8%a9\/'\">\n\t\t\t\t\t\t\t\t\t<div class=\"box-icon-wrapper  box-with-icon box-icon-simple\">\n\t\t\t\t\t\t<div class=\"info-box-icon\">\n\t\t\t\t\t\t\t\t\t\t\t\t\t\t\t<img decoding=\"async\" src=\"https:\/\/oxygen-turkey.com\/wp-content\/uploads\/2021\/12\/5669_4-150x64.png\" title=\"5669_4\" alt=\"5669_4\" loading=\"lazy\" \/>\t\t\t\t\t\t\t\t\t\t\t\t\t<\/div>\n\t\t\t\t\t<\/div>\n\t\t\t\t\n\t\t\t\t<div class=\"info-box-content\">\n\t\t\t\t\t\n\t\t\t\t\t\t\t\t\t\t\t<h4\t\t\t\t\t\tclass=\"info-box-title title box-title-style-default wd-fontsize-m\" data-elementor-setting-key=\"title\">\n\t\t\t\t\t\t\t\tWeb sitesi tasar\u0131m\u0131 ve programlama\t\t\t\t\t\t<\/h4>\n\t\t\t\t\t\n\t\t\t\t\t<div class=\"info-box-inner set-cont-mb-s reset-last-child\"\n\t\t\t\t\t\t data-elementor-setting-key=\"content\">\n\t\t\t\t\t\t<p>Code Me'nin profesyonelli\u011fi, faaliyetlerimizi geni\u015fletmemize ve \u00fcr\u00fcnlerimizin kalitesini art\u0131rmam\u0131za olanak tan\u0131yan m\u00fc\u015fterilerimize basit ve etkili teknik sistemler sa\u011flamada yatmaktad\u0131r.<\/p>\n\t\t\t\t\t<\/div>\n\t\n\t\t\t\t\t\t\t\t\t\t\t<div class=\"info-btn-wrapper\">\n\t\t\t\t\t\t\t\t\t<div class=\"wd-button-wrapper text-center\" >\n\t\t\t<a class=\"btn btn-style-link btn-shape- btn-size-default btn-color-default btn-icon-pos-right\"  href=\"https:\/\/oxygen-turkey.com\/tr\/%d9%85%d8%b1%d9%83%d8%b2-%d8%a7%d9%84%d9%85%d8%b3%d8%a7%d8%b9%d8%af%d8%a9\/\">\n\t\t\t\t<span class=\"wd-btn-text\" data-elementor-setting-key=\"text\">\n\t\t\t\t\tHizmet talebi\t\t\t\t<\/span>\n\n\t\t\t\t\t\t\t<\/a>\n\t\t<\/div>\n\t\t\t\t\t\t\t\t<\/div>\n\t\t\t\t\t\t\t\t\t<\/div>\n\t\t\t<\/div>\n\t\t<\/div>\n\t\t\t\t\t\t<\/div>\n\t\t\t\t<\/div>\n\t\t\t\t\t<\/div>\n\t\t<\/div>\n\t\t\t\t\t<\/div>\n\t\t<\/section>\n\t\t\t\t<section class=\"elementor-section elementor-inner-section elementor-element elementor-element-63b3f93 elementor-section-boxed elementor-section-height-default elementor-section-height-default wd-section-disabled\" data-id=\"63b3f93\" data-element_type=\"section\">\n\t\t\t\t\t\t<div class=\"elementor-container elementor-column-gap-default\">\n\t\t\t\t\t<div class=\"elementor-column elementor-col-33 elementor-inner-column elementor-element elementor-element-dcaa57d\" data-id=\"dcaa57d\" data-element_type=\"column\">\n\t\t\t<div class=\"elementor-widget-wrap elementor-element-populated\">\n\t\t\t\t\t\t<div class=\"elementor-element elementor-element-2ec2352 wd-animation-left-flip-y wd-animation-normal elementor-widget elementor-widget-wd_infobox\" data-id=\"2ec2352\" data-element_type=\"widget\" data-widget_type=\"wd_infobox.default\">\n\t\t\t\t<div class=\"elementor-widget-container\">\n\t\t\t\t\t\t\t<div class=\"info-box-wrapper\">\n\t\t\t<div class=\"wd-info-box text-center box-icon-align-top box-style-base color-scheme- with-btn box-btn-static\"onclick=\"window.location.href='https:\/\/oxygen-turkey.com\/%d9%85%d8%b1%d9%83%d8%b2-%d8%a7%d9%84%d9%85%d8%b3%d8%a7%d8%b9%d8%af%d8%a9\/'\">\n\t\t\t\t\t\t\t\t\t<div class=\"box-icon-wrapper  box-with-icon box-icon-simple\">\n\t\t\t\t\t\t<div class=\"info-box-icon\">\n\t\t\t\t\t\t\t\t\t\t\t\t\t\t\t<img decoding=\"async\" src=\"https:\/\/oxygen-turkey.com\/wp-content\/uploads\/2021\/12\/6705_3-150x68.png\" title=\"6705_3\" alt=\"6705_3\" loading=\"lazy\" \/>\t\t\t\t\t\t\t\t\t\t\t\t\t<\/div>\n\t\t\t\t\t<\/div>\n\t\t\t\t\n\t\t\t\t<div class=\"info-box-content\">\n\t\t\t\t\t\n\t\t\t\t\t\t\t\t\t\t\t<h4\t\t\t\t\t\tclass=\"info-box-title title box-title-style-default wd-fontsize-m\" data-elementor-setting-key=\"title\">\n\t\t\t\t\t\t\t\tAyl\u0131k reklam dergisi\t\t\t\t\t\t<\/h4>\n\t\t\t\t\t\n\t\t\t\t\t<div class=\"info-box-inner set-cont-mb-s reset-last-child\"\n\t\t\t\t\t\t data-elementor-setting-key=\"content\">\n\t\t\t\t\t\t<p>Tek bir yerde s\u0131n\u0131rl\u0131 kalmay\u0131p, T\u00fcrkiye'nin \u00e7e\u015fitli eyaletlerinde da\u011f\u0131t\u0131lan, \u00fcst d\u00fczey i\u00e7eri\u011fe ve farkl\u0131 bir tarza sahip \u00fccretsiz profesyonel bir ayl\u0131k reklam dergisi.<\/p>\n\t\t\t\t\t<\/div>\n\t\n\t\t\t\t\t\t\t\t\t\t\t<div class=\"info-btn-wrapper\">\n\t\t\t\t\t\t\t\t\t<div class=\"wd-button-wrapper text-center\" >\n\t\t\t<a class=\"btn btn-style-link btn-shape- btn-size-default btn-color-default btn-icon-pos-right\"  href=\"https:\/\/oxygen-turkey.com\/tr\/%d9%85%d8%b1%d9%83%d8%b2-%d8%a7%d9%84%d9%85%d8%b3%d8%a7%d8%b9%d8%af%d8%a9\/\">\n\t\t\t\t<span class=\"wd-btn-text\" data-elementor-setting-key=\"text\">\n\t\t\t\t\tHizmet talebi\t\t\t\t<\/span>\n\n\t\t\t\t\t\t\t<\/a>\n\t\t<\/div>\n\t\t\t\t\t\t\t\t<\/div>\n\t\t\t\t\t\t\t\t\t<\/div>\n\t\t\t<\/div>\n\t\t<\/div>\n\t\t\t\t\t\t<\/div>\n\t\t\t\t<\/div>\n\t\t\t\t\t<\/div>\n\t\t<\/div>\n\t\t\t\t<div class=\"elementor-column elementor-col-33 elementor-inner-column elementor-element elementor-element-fc60c81\" data-id=\"fc60c81\" data-element_type=\"column\">\n\t\t\t<div class=\"elementor-widget-wrap elementor-element-populated\">\n\t\t\t\t\t\t<div class=\"elementor-element elementor-element-97b40e8 wd-animation-left-flip-y wd-animation-normal elementor-widget elementor-widget-wd_infobox\" data-id=\"97b40e8\" data-element_type=\"widget\" data-widget_type=\"wd_infobox.default\">\n\t\t\t\t<div class=\"elementor-widget-container\">\n\t\t\t\t\t\t\t<div class=\"info-box-wrapper\">\n\t\t\t<div class=\"wd-info-box text-center box-icon-align-top box-style-base color-scheme- with-btn box-btn-static\"onclick=\"window.location.href='https:\/\/oxygen-turkey.com\/%d9%85%d8%b1%d9%83%d8%b2-%d8%a7%d9%84%d9%85%d8%b3%d8%a7%d8%b9%d8%af%d8%a9\/'\">\n\t\t\t\t\t\t\t\t\t<div class=\"box-icon-wrapper  box-with-icon box-icon-simple\">\n\t\t\t\t\t\t<div class=\"info-box-icon\">\n\t\t\t\t\t\t\t\t\t\t\t\t\t\t\t<img decoding=\"async\" src=\"https:\/\/oxygen-turkey.com\/wp-content\/uploads\/2021\/12\/7474-150x68.png\" title=\"7474\" alt=\"7474\" loading=\"lazy\" \/>\t\t\t\t\t\t\t\t\t\t\t\t\t<\/div>\n\t\t\t\t\t<\/div>\n\t\t\t\t\n\t\t\t\t<div class=\"info-box-content\">\n\t\t\t\t\t\n\t\t\t\t\t\t\t\t\t\t\t<h4\t\t\t\t\t\tclass=\"info-box-title title box-title-style-default wd-fontsize-m\" data-elementor-setting-key=\"title\">\n\t\t\t\t\t\t\t\tGrafik tasar\u0131m, video ve bask\u0131\t\t\t\t\t\t<\/h4>\n\t\t\t\t\t\n\t\t\t\t\t<div class=\"info-box-inner set-cont-mb-s reset-last-child\"\n\t\t\t\t\t\t data-elementor-setting-key=\"content\">\n\t\t\t\t\t\t<p>D\u00fcnyadaki Grafik Tasar\u0131m firmalar\u0131 aras\u0131nda se\u00e7im yapmak, dev firmam\u0131z\u0131n hepsinin ba\u015f\u0131nda gelmesiyle \u00e7ok daha kolay hale geldi.<\/p>\n\t\t\t\t\t<\/div>\n\t\n\t\t\t\t\t\t\t\t\t\t\t<div class=\"info-btn-wrapper\">\n\t\t\t\t\t\t\t\t\t<div class=\"wd-button-wrapper text-center\" >\n\t\t\t<a class=\"btn btn-style-link btn-shape- btn-size-default btn-color-default btn-icon-pos-right\"  href=\"https:\/\/oxygen-turkey.com\/tr\/%d9%85%d8%b1%d9%83%d8%b2-%d8%a7%d9%84%d9%85%d8%b3%d8%a7%d8%b9%d8%af%d8%a9\/\">\n\t\t\t\t<span class=\"wd-btn-text\" data-elementor-setting-key=\"text\">\n\t\t\t\t\tHizmet talebi\t\t\t\t<\/span>\n\n\t\t\t\t\t\t\t<\/a>\n\t\t<\/div>\n\t\t\t\t\t\t\t\t<\/div>\n\t\t\t\t\t\t\t\t\t<\/div>\n\t\t\t<\/div>\n\t\t<\/div>\n\t\t\t\t\t\t<\/div>\n\t\t\t\t<\/div>\n\t\t\t\t\t<\/div>\n\t\t<\/div>\n\t\t\t\t<div class=\"elementor-column elementor-col-33 elementor-inner-column elementor-element elementor-element-9babade\" data-id=\"9babade\" data-element_type=\"column\">\n\t\t\t<div class=\"elementor-widget-wrap elementor-element-populated\">\n\t\t\t\t\t\t<div class=\"elementor-element elementor-element-3fda046 wd-animation-left-flip-y wd-animation-normal elementor-widget elementor-widget-wd_infobox\" data-id=\"3fda046\" data-element_type=\"widget\" data-widget_type=\"wd_infobox.default\">\n\t\t\t\t<div class=\"elementor-widget-container\">\n\t\t\t\t\t\t\t<div class=\"info-box-wrapper\">\n\t\t\t<div class=\"wd-info-box text-center box-icon-align-top box-style-base color-scheme- with-btn box-btn-static\"onclick=\"window.location.href='https:\/\/oxygen-turkey.com\/%d9%85%d8%b1%d9%83%d8%b2-%d8%a7%d9%84%d9%85%d8%b3%d8%a7%d8%b9%d8%af%d8%a9\/'\">\n\t\t\t\t\t\t\t\t\t<div class=\"box-icon-wrapper  box-with-icon box-icon-simple\">\n\t\t\t\t\t\t<div class=\"info-box-icon\">\n\t\t\t\t\t\t\t\t\t\t\t\t\t\t\t<img decoding=\"async\" src=\"https:\/\/oxygen-turkey.com\/wp-content\/uploads\/elementor\/thumbs\/4409_01-phs7t2c544njnqcujidgxnq610wzjc5xpkue7bdygs.png\" title=\"4409_01\" alt=\"4409_01\" loading=\"lazy\" \/>\t\t\t\t\t\t\t\t\t\t\t\t\t<\/div>\n\t\t\t\t\t<\/div>\n\t\t\t\t\n\t\t\t\t<div class=\"info-box-content\">\n\t\t\t\t\t\n\t\t\t\t\t\t\t\t\t\t\t<h4\t\t\t\t\t\tclass=\"info-box-title title box-title-style-default wd-fontsize-m\" data-elementor-setting-key=\"title\">\n\t\t\t\t\t\t\t\tWeb sitelerinin ve mobil uygulamalar\u0131n tasar\u0131m\u0131 ve programlanmas\u0131\t\t\t\t\t\t<\/h4>\n\t\t\t\t\t\n\t\t\t\t\t<div class=\"info-box-inner set-cont-mb-s reset-last-child\"\n\t\t\t\t\t\t data-elementor-setting-key=\"content\">\n\t\t\t\t\t\t<p>Code Me'nin profesyonelli\u011fi, faaliyetlerimizi geni\u015fletmemize ve \u00fcr\u00fcnlerimizin kalitesini art\u0131rmam\u0131za olanak tan\u0131yan m\u00fc\u015fterilerimize basit ve etkili teknik sistemler sa\u011flamada yatmaktad\u0131r.<\/p>\n\t\t\t\t\t<\/div>\n\t\n\t\t\t\t\t\t\t\t\t\t\t<div class=\"info-btn-wrapper\">\n\t\t\t\t\t\t\t\t\t<div class=\"wd-button-wrapper text-center\" >\n\t\t\t<a class=\"btn btn-style-link btn-shape- btn-size-default btn-color-default btn-icon-pos-right\"  href=\"https:\/\/oxygen-turkey.com\/tr\/%d9%85%d8%b1%d9%83%d8%b2-%d8%a7%d9%84%d9%85%d8%b3%d8%a7%d8%b9%d8%af%d8%a9\/\">\n\t\t\t\t<span class=\"wd-btn-text\" data-elementor-setting-key=\"text\">\n\t\t\t\t\tHizmet talebi\t\t\t\t<\/span>\n\n\t\t\t\t\t\t\t<\/a>\n\t\t<\/div>\n\t\t\t\t\t\t\t\t<\/div>\n\t\t\t\t\t\t\t\t\t<\/div>\n\t\t\t<\/div>\n\t\t<\/div>\n\t\t\t\t\t\t<\/div>\n\t\t\t\t<\/div>\n\t\t\t\t\t<\/div>\n\t\t<\/div>\n\t\t\t\t\t<\/div>\n\t\t<\/section>\n\t\t\t\t\t<\/div>\n\t\t<\/div>\n\t\t\t\t\t<\/div>\n\t\t<\/section>\n\t\t\t\t<\/div>","protected":false},"excerpt":{"rendered":"<p>\u062d\u0648\u0644 \u062e\u062f\u0645\u0627\u062a\u0646\u0627 \u062e\u062f\u0645\u0627\u062a \u0627\u0648\u0643\u0633\u062c\u064a\u0646 \u062c\u0631\u0648\u0628 \u0627\u0644\u062e\u062f\u0645\u0627\u062a \u0627\u0644\u0625\u0639\u0644\u0627\u0646\u064a\u0629 \u0648\u0627\u0644\u062a\u0633\u0648\u064a\u0642 \u0627\u0644\u0625\u0644\u0643\u062a\u0631\u0648\u0646\u064a \u0648\u062a\u0647\u062f\u0641 \u0644\u062e\u0644\u0642 \u062c\u0645\u0647\u0648\u0631 \u0643\u0628\u064a\u0631 \u0644\u0644\u0634\u0631\u0643\u0629 \u0648\u0631\u0641\u0639 \u062a\u0631\u062a\u064a\u0628\u0647\u0627 \u0636\u0645\u0646 \u0645\u062d\u0631\u0643\u0627\u062a \u0627\u0644\u0628\u062d\u062b \u0628\u0623\u0628\u0647\u0649<\/p>","protected":false},"author":1,"featured_media":0,"parent":0,"menu_order":0,"comment_status":"closed","ping_status":"closed","template":"","meta":{"footnotes":""},"class_list":["post-12129","page","type-page","status-publish","hentry"],"_links":{"self":[{"href":"https:\/\/oxygen-turkey.com\/tr\/wp-json\/wp\/v2\/pages\/12129","targetHints":{"allow":["GET"]}}],"collection":[{"href":"https:\/\/oxygen-turkey.com\/tr\/wp-json\/wp\/v2\/pages"}],"about":[{"href":"https:\/\/oxygen-turkey.com\/tr\/wp-json\/wp\/v2\/types\/page"}],"author":[{"embeddable":true,"href":"https:\/\/oxygen-turkey.com\/tr\/wp-json\/wp\/v2\/users\/1"}],"replies":[{"embeddable":true,"href":"https:\/\/oxygen-turkey.com\/tr\/wp-json\/wp\/v2\/comments?post=12129"}],"version-history":[{"count":23,"href":"https:\/\/oxygen-turkey.com\/tr\/wp-json\/wp\/v2\/pages\/12129\/revisions"}],"predecessor-version":[{"id":12749,"href":"https:\/\/oxygen-turkey.com\/tr\/wp-json\/wp\/v2\/pages\/12129\/revisions\/12749"}],"wp:attachment":[{"href":"https:\/\/oxygen-turkey.com\/tr\/wp-json\/wp\/v2\/media?parent=12129"}],"curies":[{"name":"wp","href":"https:\/\/api.w.org\/{rel}","templated":true}]}}