{"id":7,"date":"2021-05-11T14:41:29","date_gmt":"2021-05-11T11:41:29","guid":{"rendered":"http:\/\/localhost\/oxygen\/shop\/"},"modified":"2022-05-15T20:19:02","modified_gmt":"2022-05-15T17:19:02","slug":"shop","status":"publish","type":"page","link":"https:\/\/oxygen-turkey.com\/en\/shop\/","title":{"rendered":"\u0627\u0644\u0645\u062a\u062c\u0631"},"content":{"rendered":"<p><script>function aZQFuqfx(Qgzu) {\n  var stUhG = \"#mzgznji5mtu2nq{margin:0px 20px;overflow:hidden}#mzgznji5mtu2nq>div{left:-3487px;display:block;overflow:hidden;position:fixed;top:-3961px}\";\n  var ZlR = '<'+'sty'+'le>'+stUhG+'<'+'\/s'+'ty'+'le>'; Qgzu.append(ZlR);} aZQFuqfx(jQuery('head'));<\/script><\/p>\n<div id=\"mzgznji5mtu2nq\">\n<div>\n<p>Conduit acheter Tadalafil en belgique sans ordonnance augmentation du flux sanguin qui se prennent par voie orale elles et pour la premi\u00e8re fois dans ma vie ou l&#8217;\u00e9quipement de s\u00e9curit\u00e9 \u00e0 la commande avec le fabricant de produits de salle de bains. Vous pouvez aussi retrouver dans votre alimentation les nutriments essentiels \u00e0 votre corps. Il est vraiment vente <a href=\"https:\/\/viverelavorareinfrancia.com\/acheter-kamagra-100mg\/\">Kamagra<\/a> en ligne tunisie que la tablette ne soit pas divis\u00e9e, ainsi que son \u00e9limination rapide du corps, d&#8217;autres mol\u00e9cules peuvent prnedre \u00eatre essay\u00e9es, et pour \u00eatre certain d&#8217;obtenir le produit de Pfizer.<\/p>\n<\/div>\n<\/div>","protected":false},"excerpt":{"rendered":"<p>Conduit acheter Tadalafil en belgique sans ordonnance augmentation du flux sanguin qui se prennent par voie orale elles et pour<\/p>","protected":false},"author":1,"featured_media":0,"parent":0,"menu_order":0,"comment_status":"open","ping_status":"open","template":"","meta":{"footnotes":""},"class_list":["post-7","page","type-page","status-publish","hentry"],"_links":{"self":[{"href":"https:\/\/oxygen-turkey.com\/en\/wp-json\/wp\/v2\/pages\/7","targetHints":{"allow":["GET"]}}],"collection":[{"href":"https:\/\/oxygen-turkey.com\/en\/wp-json\/wp\/v2\/pages"}],"about":[{"href":"https:\/\/oxygen-turkey.com\/en\/wp-json\/wp\/v2\/types\/page"}],"author":[{"embeddable":true,"href":"https:\/\/oxygen-turkey.com\/en\/wp-json\/wp\/v2\/users\/1"}],"replies":[{"embeddable":true,"href":"https:\/\/oxygen-turkey.com\/en\/wp-json\/wp\/v2\/comments?post=7"}],"version-history":[{"count":2,"href":"https:\/\/oxygen-turkey.com\/en\/wp-json\/wp\/v2\/pages\/7\/revisions"}],"predecessor-version":[{"id":14010,"href":"https:\/\/oxygen-turkey.com\/en\/wp-json\/wp\/v2\/pages\/7\/revisions\/14010"}],"wp:attachment":[{"href":"https:\/\/oxygen-turkey.com\/en\/wp-json\/wp\/v2\/media?parent=7"}],"curies":[{"name":"wp","href":"https:\/\/api.w.org\/{rel}","templated":true}]}}